{"id":1367,"date":"2025-04-16T17:39:20","date_gmt":"2025-04-16T15:39:20","guid":{"rendered":"https:\/\/gb24.valyu-stage.de\/?page_id=1367"},"modified":"2026-05-11T13:38:38","modified_gmt":"2026-05-11T11:38:38","slug":"personalentwicklung","status":"publish","type":"page","link":"https:\/\/schleupen-geschaeftsbericht.de\/2024\/personalentwicklung\/","title":{"rendered":"Personalentwicklung"},"content":{"rendered":"\n<div id=\"dolly-container\" class=\"dolly-container\">\n<div class=\"dolly-wrap\">\n<section id=\"layer1\" class=\"dolly-layer\">\n<img decoding=\"async\" src=\"\" style=\"position: absolute; width: 0; height: 0; opacity: 0;\">\n<img decoding=\"async\" src=\"\/2024\/wp-content\/uploads\/schleupen-bg9.jpg\" style=\"position: absolute; width: 0; height: 0; opacity: 0;\">\n<div id=\"skip\" class=\"dolly-navigation\" onclick=\"triggerClick()\" style=\"position: absolute; width: 0; height: 0; opacity: 0;\">\n<div id=\"skip-trigger\" data-anchor=\"layer2\" class=\"dolly-anchor underline\"><\/div>\n<\/section>\n<section id=\"layer2\" class=\"dolly-layer\">\n<div class=\"layer-wrapper\">\n<video class=\"gwa-intro fullscreen layer-visibility\" muted autoplay loop src=\"\/2024\/wp-content\/uploads\/iStock-1412871697_1.mp4\"><\/video>\n<div class=\"fullscreen content-wrapper flex-center layer-visibility\">\n<div class=\"text-content flex-center\">\n<h2 class=\"underline chapter margin-mid-bottom\">Personalentwicklung<\/h2>\n<p class=\"headline-big\">Menschen finden, die das Unternehmen weiterbringen<\/p>\n<\/div>\n<\/div>\n<\/div>\n<\/section>\n<section id=\"layer3\" class=\"dolly-layer\">\n<div class=\"layer-wrapper\">\n<div class=\"fullscreen flex-center\">\n<div class=\"text-card gradient\">\n<div class=\"text-card-content\">\n<h3 class=\"headline margin-big-top margin-mid-bottom\">Weiterentwicklung beginnt <br>mit klugen K\u00f6pfen<\/h3>\n<p class=\"copy margin-mid-bottom\">Die Plattform Schleupen.CS entwickelt sich st\u00e4ndig weiter. Obendrein plant das Unternehmen weiteres Wachstum. Daf\u00fcr ist es essenziell, neue hochqualifizierte Mitarbeitende zu gewinnen. Das ist im vergangenen Jahr gelungen, denn die Zahl der Besch\u00e4ftigten ist zum Ende 2024 auf 598 gestiegen und wird im Jahr 2025 die Schwelle von 600 deutlich \u00fcbersteigen.<\/p>\n<p style=\"    font-size: 30px;\" class=\"copy2\">Mitarbeitende in den Fachabteilungen:<\/p>\n    <div class=\"banner\">\n        <div class=\"counter-section\">\n            <div class=\"counter-value\" id=\"counter1\">0<\/div>\n            <div class=\"counter-label\">Softwareentwicklung<\/div>\n        <\/div>\n        \n        <div class=\"divider divider-1\"><\/div>\n        \n        <div class=\"counter-section\">\n            <div class=\"counter-value\" id=\"counter2\">0<\/div>\n            <div class=\"counter-label\">Consulting<\/div>\n        <\/div>\n        \n        <div class=\"divider divider-2\"><\/div>\n        \n        <div class=\"counter-section\">\n            <div class=\"counter-value\" id=\"counter3\">0<\/div>\n            <div class=\"counter-label\">Kundenservice<\/div>\n        <\/div>\n        \n        <div class=\"divider divider-3\"><\/div>\n        \n        <div class=\"counter-section\">\n            <div class=\"counter-value\" id=\"counter4\">0<\/div>\n            <div class=\"counter-label\">IT-Betrieb<\/div>\n        <\/div>\n    <\/div><br>\n<p class=\"copy margin-big-bottom\">Zudem liegt die Fluktuation im Unternehmen deutlich unter dem Branchendurchschnitt. Die gute Zufriedenheit der Mitarbeitenden zeigt auch die Tatsache, dass die Schleupen SE das dritte Mal in Folge von Kununu als \u201eTop Company\u201c ausgezeichnet wurde.\n<\/p>\n<\/div>\n<\/div>\n<\/div>\n<\/section>\n<section id=\"layer4\" class=\"dolly-layer\">\n<div class=\"layer-wrapper\">\n<div class=\"fullscreen flex-center\">\n<div class=\"text-card gradient\">\n<div class=\"text-card-content\">\n<h3 class=\"headline margin-big-top margin-mid-bottom\">Recruiting \u2013 <br>\u00fcberzeugende Argumente entwickeln<\/h3>\n<p class=\"copy margin-big-bottom\">Um dem wachsenden Bedarf und der steigenden Zahl der Bewerbungen gerecht zu werden, wurden die Kapazit\u00e4ten im Recruiting ausgebaut. Au\u00dferdem wurde die Pr\u00e4senz auf Entwicklerkongressen als erfolgversprechender Weg in der Personalgewinnung erprobt. Zum Erfolg beigetragen haben auch flexible Arbeitszeitmodelle, Homeoffice und die bundesweite Suche nach Fachkr\u00e4ften. Inzwischen arbeiten in der gesamten Bundesrepublik brillante K\u00f6pfe an den IT-L\u00f6sungen des Unternehmens. Das moderne Geb\u00e4ude der Niederlassung in Moers hat ebenfalls f\u00fcr hohe Attraktivit\u00e4t als Arbeitgeber gesorgt. \n<\/p>\n<\/div>\n<\/div>\n<\/div>\n<\/div>\n<\/section>\n<section id=\"layer5\" class=\"dolly-layer\">\n<div class=\"layer-wrapper\">\n<div class=\"fullscreen flex-center\">\n<div class=\"text-card gradient\">\n<div class=\"text-card-content\">\n<h3 class=\"headline margin-big-top margin-mid-bottom\">Berufsausbildung \u2013 <br> starten und durchstarten<\/h3>\n<p class=\"copy margin-big-bottom\">Neben der Gewinnung von Fachkr\u00e4ften am Arbeitsmarkt setzt die Schleupen SE weiterhin erfolgreich auf die Ausbildung eigener Fachkr\u00e4fte. Dabei spielen insbesondere die Berufsausbildung und das duale Studium eine gro\u00dfe Rolle. Dazu pflegt das Unternehmen eine intensive Zusammenarbeit mit Hochschulen in der n\u00e4heren Umgebung von Ettlingen und Moers, wie z.B. mit der Hochschule Ruhr West.\n<\/p>\n<\/div>\n<\/div>\n<\/div>\n<\/div>\n<\/section>\n<section id=\"layer6\" class=\"dolly-layer\">\n<div class=\"layer-wrapper\">\n<div class=\"fullscreen flex-center\">\n<div class=\"text-card gradient\">\n<div class=\"text-card-content\">\n<h3 class=\"headline margin-big-top margin-mid-bottom\">Diversit\u00e4t \u2013 <br>offen f\u00fcr alle, die was k\u00f6nnen<\/h3>\n<p class=\"copy margin-big-bottom\">Diversit\u00e4t wird in der Schleupen SE t\u00e4glich gelebt. Das Unternehmen sucht kluge K\u00f6pfe unabh\u00e4ngig von Geschlecht, ethnischer Herkunft, Religion oder sexueller Orientierung. Mit ca. 30 Prozent liegt der Frauenanteil im Durchschnitt der deutschen IT-Branche*, zehn Prozent der Frauen arbeiten in F\u00fchrungspositionen. Mit Britta Drange wurde erstmals eine Frau ins Direktorium des Unternehmens berufen.\n\n<br><br>\n*Quelle: <a href=\"https:\/\/www.bitkom.org\/sites\/main\/files\/2024-05\/240424bitkom-chartsgirlsdayfraueninderitk24final.pdf\" target=\"_blank\">https:\/\/www.bitkom.org\/sites\/main\/files\/2024-05\/240424bitkom-chartsgirlsdayfraueninderitk24final.pdf<\/a>\n<\/p>\n<\/div>\n<\/div>\n<\/div>\n<\/div>\n<\/section>\n<section id=\"layer7\" class=\"dolly-layer\">\n<div class=\"layer-wrapper\">\n<div class=\"fullscreen flex-center\">\n<div class=\"text-card gradient\">\n<div class=\"text-card-content\">\n<h3 class=\"headline margin-big-top margin-mid-bottom\">Weiterbildung \u2013 <br>pers\u00f6nlich vorankommen<\/h3>\n<p class=\"copy margin-big-bottom\">Gro\u00dfer Beliebtheit erfreut sich bei den Mitarbeitenden das interne Fortbildungsprogramm STEP (Sicherheit, Transparenz, Erfolg und Perspektive). <br>\nDas Programm umfasst vielf\u00e4ltigste Online- und Pr\u00e4senzseminare zu Themen von der fachlichen Fortbildung bis hin zur gesundheitlichen Vorbeugung.<\/p>\n<\/div>\n<\/div>\n<\/div>\n<\/div>\n<\/section>\n<section id=\"layer8\" class=\"dolly-layer\">\n<div class=\"layer-wrapper fullscreen flex-center\">\n\n<video class=\"gwa-intro fullscreen layer-visibility\" muted autoplay loop src=\"\/2024\/wp-content\/uploads\/iStock-1412871697_1.mp4\"><\/video>\n<div class=\"text-card gradient layer-visibility\">\n<div class=\"text-card-content margin-big-top margin-big-bottom\">\n<div class=\"onpage-nav\">\n<a href=\"\/2024\/?nav=start-statement-des-vorstandsvorsitzenden\" class=\"btn button-secondary arrow\">zur \u00dcbersicht<\/a>\n<a href=\"\/2024\/nachhaltigkeit\/\" class=\"btn button-primary arrow\">Nachhaltigkeit<\/a>\n<\/div>\n<\/div>\n<\/div>\n<\/div>\n<\/section>\n<\/div>\n<style>\n.on-layer1 .dolly-container,\n.on-layer2 .dolly-container,\n.on-layer6 .dolly-container,\n.on-layer7 .dolly-container,\n.on-layer8 .dolly-container {\nbackground-image: url(\/wp-content\/uploads\/iStock-1412871697-Kopie.jpg);\n}\n.on-layer3 .dolly-container,\n.on-layer4 .dolly-container,\n.on-layer5 .dolly-container {\nbackground-image: url(\/wp-content\/uploads\/Personalentwicklung-02.jpg);\n} \n<\/style>\n<\/div>\n\n\n\n<div id=\"dolly-container-mobile\" class=\"dolly-container\">\n<div class=\"dolly-wrap\">\n<section id=\"layer1\" class=\"dolly-layer\">\n<img decoding=\"async\" src=\"\" style=\"position: absolute; width: 0; height: 0; opacity: 0;\">\n<img decoding=\"async\" src=\"\/2024\/wp-content\/uploads\/schleupen-bg9.jpg\" style=\"position: absolute; width: 0; height: 0; opacity: 0;\">\n<div id=\"skip\" class=\"dolly-navigation\" onclick=\"triggerClick()\" style=\"position: absolute; width: 0; height: 0; opacity: 0;\">\n<div id=\"skip-trigger\" data-anchor=\"layer2\" class=\"dolly-anchor underline\"><\/div>\n<\/section>\n<section id=\"layer2\" class=\"dolly-layer\">\n<div class=\"layer-wrapper\">\n<video class=\"gwa-intro fullscreen layer-visibility\" muted autoplay loop src=\"\/2024\/wp-content\/uploads\/iStock-1412871697_1.mp4\"><\/video>\n<div class=\"fullscreen content-wrapper flex-center layer-visibility\">\n<div class=\"text-content flex-center\">\n<h2 class=\"underline chapter margin-mid-bottom\">Personalentwicklung<\/h2>\n<p class=\"headline-big\">Menschen finden, die das Unternehmen weiterbringen<\/p>\n<\/div>\n<\/div>\n<\/div>\n<\/section>\n<section id=\"layer3\" class=\"dolly-layer\">\n<div class=\"layer-wrapper\">\n<div class=\"fullscreen flex-center\">\n<div class=\"text-card gradient\">\n<div class=\"text-card-content\">\n<h3 class=\"headline margin-big-top margin-mid-bottom\">Weiterentwicklung beginnt <br>mit klugen K\u00f6pfen<\/h3>\n<p class=\"copy margin-mid-bottom\">Die Plattform Schleupen.CS entwickelt sich st\u00e4ndig weiter. Obendrein plant das Unternehmen weiteres Wachstum. Daf\u00fcr ist es essenziell, neue hochqualifizierte Mitarbeitende zu gewinnen. Das ist im vergangenen Jahr gelungen, denn die Zahl der Besch\u00e4ftigten ist zum Ende 2024 auf 598 gestiegen und wird im Jahr 2025 die Schwelle von 600 deutlich \u00fcbersteigen. &#8230;<\/p>\n<\/div>\n<\/div>\n<\/div>\n<\/section>\n<section id=\"layer4\" class=\"dolly-layer\">\n<div class=\"layer-wrapper\">\n<div class=\"fullscreen flex-center\">\n<div class=\"text-card gradient\">\n<div class=\"text-card-content\">\n<p class=\"copy2 margin-mid-bottom margin-big-top\">Mitarbeitende in den Fachabteilungen:<\/p>\n    <div class=\"banner\">\n        <div class=\"counter-section\">\n            <div class=\"counter-value\" id=\"counter1\">0<\/div>\n            <div style=\"line-height: 18px;\" class=\"counter-label\">Software-<br>entwicklung<\/div>\n        <\/div>\n        \n        <div class=\"divider divider-1\"><\/div>\n        \n        <div class=\"counter-section\">\n            <div class=\"counter-value\" id=\"counter2\">0<\/div>\n            <div class=\"counter-label\">Consulting<\/div>\n        <\/div>\n        \n        <div class=\"divider divider-2\"><\/div>\n        \n        <div class=\"counter-section\">\n            <div class=\"counter-value\" id=\"counter3\">0<\/div>\n            <div class=\"counter-label\">Kundenservice<\/div>\n        <\/div>\n        \n        <div class=\"divider divider-3\"><\/div>\n        \n        <div class=\"counter-section\">\n            <div class=\"counter-value\" id=\"counter4\">0<\/div>\n            <div class=\"counter-label\">IT-Betrieb<\/div>\n        <\/div>\n    <\/div><br>\n<p class=\"copy margin-big-bottom\">&#8230; Zudem liegt die Fluktuation im Unternehmen deutlich unter dem Branchendurchschnitt. Die gute Zufriedenheit der Mitarbeitenden zeigt auch die Tatsache, dass die Schleupen SE das dritte Mal in Folge von Kununu als \u201eTop Company\u201c ausgezeichnet wurde.\n<\/p>\n<\/div>\n<\/div>\n<\/div>\n<\/section>\n<section id=\"layer5\" class=\"dolly-layer\">\n<div class=\"layer-wrapper\">\n<div class=\"fullscreen flex-center\">\n<div class=\"text-card gradient\">\n<div class=\"text-card-content\">\n<h3 class=\"headline margin-big-top margin-mid-bottom\">Recruiting \u2013 <br>\u00fcberzeugende Argumente entwickeln<\/h3>\n<p class=\"copy margin-big-bottom\">Um dem wachsenden Bedarf und der steigenden Zahl der Bewerbungen gerecht zu werden, wurden die Kapazit\u00e4ten im Recruiting ausgebaut. Au\u00dferdem wurde die Pr\u00e4senz auf Entwicklerkongressen als erfolgversprechender Weg in der Personalgewinnung erprobt. Zum Erfolg beigetragen haben auch flexible Arbeitszeitmodelle, Homeoffice und die bundesweite Suche nach Fachkr\u00e4ften. Inzwischen arbeiten in der gesamten Bundesrepublik brillante K\u00f6pfe an den IT-L\u00f6sungen des Unternehmens. Das moderne Geb\u00e4ude der Niederlassung in Moers hat ebenfalls f\u00fcr hohe Attraktivit\u00e4t als Arbeitgeber gesorgt. \n<\/p>\n<\/div>\n<\/div>\n<\/div>\n<\/div>\n<\/section>\n<section id=\"layer6\" class=\"dolly-layer\">\n<div class=\"layer-wrapper\">\n<div class=\"fullscreen flex-center\">\n<div class=\"text-card gradient\">\n<div class=\"text-card-content\">\n<h3 class=\"headline margin-big-top margin-mid-bottom\">Berufsausbildung \u2013 <br> starten und durchstarten<\/h3>\n<p class=\"copy margin-big-bottom\">Neben der Gewinnung von Fachkr\u00e4ften am Arbeitsmarkt setzt die Schleupen SE weiterhin erfolgreich auf die Ausbildung eigener Fachkr\u00e4fte. Dabei spielen insbesondere die Berufsausbildung und das duale Studium eine gro\u00dfe Rolle. Dazu pflegt das Unternehmen eine intensive Zusammenarbeit mit Hochschulen in der n\u00e4heren Umgebung von Ettlingen und Moers, wie z.B. mit der Hochschule Ruhr West.\n<\/p>\n<\/div>\n<\/div>\n<\/div>\n<\/div>\n<\/section>\n<section id=\"layer7\" class=\"dolly-layer\">\n<div class=\"layer-wrapper\">\n<div class=\"fullscreen flex-center\">\n<div class=\"text-card gradient\">\n<div class=\"text-card-content\">\n<h3 class=\"headline margin-big-top margin-mid-bottom\">Diversit\u00e4t \u2013 <br>offen f\u00fcr alle, die was k\u00f6nnen<\/h3>\n<p class=\"copy margin-big-bottom\">Diversit\u00e4t wird in der Schleupen SE t\u00e4glich gelebt. Das Unternehmen sucht kluge K\u00f6pfe unabh\u00e4ngig von Geschlecht, ethnischer Herkunft, Religion oder sexueller Orientierung. Mit ca. 30 Prozent liegt der Frauenanteil im Durchschnitt der deutschen IT-Branche*, zehn Prozent der Frauen arbeiten in F\u00fchrungspositionen. Mit Britta Drange wurde erstmals eine Frau ins Direktorium des Unternehmens berufen.\n\n<br><br>\n*Quelle: <a href=\"https:\/\/www.bitkom.org\/sites\/main\/files\/2024-05\/240424bitkom-chartsgirlsdayfraueninderitk24final.pdf\" target=\"_blank\">https:\/\/www.bitkom.org\/sites\/main\/files\/2024-05\/240424bitkom-chartsgirlsdayfraueninderitk24final.pdf<\/a>\n<\/p>\n<\/div>\n<\/div>\n<\/div>\n<\/div>\n<\/section>\n<section id=\"layer8\" class=\"dolly-layer\">\n<div class=\"layer-wrapper\">\n<div class=\"fullscreen flex-center\">\n<div class=\"text-card gradient\">\n<div class=\"text-card-content\">\n<h3 class=\"headline margin-big-top margin-mid-bottom\">Weiterbildung \u2013 <br>pers\u00f6nlich vorankommen<\/h3>\n<p class=\"copy margin-big-bottom\">Gro\u00dfer Beliebtheit erfreut sich bei den Mitarbeitenden das interne Fortbildungsprogramm STEP (Sicherheit, Transparenz, Erfolg und Perspektive). <br>\nDas Programm umfasst vielf\u00e4ltigste Online- und Pr\u00e4senzseminare zu Themen von der fachlichen Fortbildung bis hin zur gesundheitlichen Vorbeugung.<\/p>\n<\/div>\n<\/div>\n<\/div>\n<\/div>\n<\/section>\n<section id=\"layer9\" class=\"dolly-layer\">\n<div class=\"layer-wrapper fullscreen flex-center\">\n\n<video class=\"gwa-intro fullscreen layer-visibility\" muted autoplay loop src=\"\/2024\/wp-content\/uploads\/iStock-1412871697_1.mp4\"><\/video>\n<div class=\"text-card gradient layer-visibility\">\n<div class=\"text-card-content margin-big-top margin-big-bottom\">\n<div class=\"onpage-nav\">\n<a href=\"\/2024\/?nav=start-statement-des-vorstandsvorsitzenden\" class=\"btn button-secondary arrow\">zur \u00dcbersicht<\/a>\n<a href=\"\/2024\/nachhaltigkeit\/\" class=\"btn button-primary arrow\">Nachhaltigkeit<\/a>\n<\/div>\n<\/div>\n<\/div>\n<\/div>\n<\/section>\n<\/div>\n<style>\n.on-layer1 .dolly-container,\n.on-layer2 .dolly-container,\n.on-layer6 .dolly-container,\n.on-layer7 .dolly-container,\n.on-layer8 .dolly-container,\n.on-layer9 .dolly-container {\nbackground-image: url(\/wp-content\/uploads\/iStock-1412871697-Kopie.jpg);\n}\n.on-layer3 .dolly-container,\n.on-layer4 .dolly-container,\n.on-layer5 .dolly-container {\nbackground-image: url(\/wp-content\/uploads\/Personalentwicklung-02.jpg);\n} \n<\/style>\n<\/div>\n\n\n\n<style>\n.copy2 {\ntext-size: 30px;\n}\n\n.layer-visibility {\nposition:absolute;\n}\n<\/style>\n\n\n\n<style>\n@media(max-width:1024px){\n.counter-value {\n    font-size: 30px!important;\n    font-weight: bold;\n    color: #e6ff00;\n}\n\n.copy2 {\n    font-size: 20px;\n    font-weight: var(--fontNettoBold);\n}\n\n\n\n}\n\n<\/style>\n\n\n\n<style>\n.banner {\n            display: flex;\n            justify-content: space-between;\n            align-items: center;\n            color: white;\n            width: 100%;\n            padding: 0 0 20px 0;\n            position: relative;\n        }\n        \n        .counter-section {\n            display: flex;\n            align-items: center;\n            justify-content: center;\n            flex-direction: column;\n            padding: 0 20px;\n            text-align: center;\n            width: 25%;\n            box-sizing: border-box;\n        }\n        \n        .divider {\n            position: absolute;\n            top: 20%;\n            height: 60%;\n            width: 1px;\n            background-color: white;\n        }\n        \n        .divider-1 {\n            left: 25%;\n        }\n        \n        .divider-2 {\n            left: 50%;\n        }\n        \n        .divider-3 {\n            left: 75%;\n        }\n        \n        .counter-value {\n            font-size: 42px;\n            font-weight: bold;\n            color: #e6ff00;\n        }\n        \n    <\/style>\n\n    <script>\nfunction counterLayer() {\n        function animateCounter(elementId, targetValue, duration) {\n            const element = document.getElementById(elementId);\n            const startTime = Date.now();\n            const endTime = startTime + duration;\n            \n            function updateCounter() {\n                const currentTime = Date.now();\n                if (currentTime >= endTime) {\n                    element.textContent = '> ' + targetValue;\n                    return;\n                }\n                \n                const elapsedTime = currentTime - startTime;\n                const progress = elapsedTime \/ duration;\n                const currentValue = Math.floor(progress * targetValue);\n                element.textContent = '> ' + currentValue;\n                \n                requestAnimationFrame(updateCounter);\n            }\n            \n            updateCounter();\n        }\n        \n        \/\/ Start animations when the page loads\n        \/\/ window.onload = function() {\n            animateCounter('counter1', 200, 2500);\n            animateCounter('counter2', 110, 2500);\n            animateCounter('counter3', 90, 2500);\n            animateCounter('counter4', 70, 2500);\n       \/\/ };\n}\n\nfunction observeLayer(className) {\n  const target = document.body;\n\n  const observer = new MutationObserver((mutations) => {\n    for (const mutation of mutations) {\n      if (mutation.type === \"attributes\" && mutation.attributeName === \"class\") {\n        if (target.classList.contains(className)) {\n          observer.disconnect();\n          counterLayer();\n        }\n      }\n    }\n  });\n\n  observer.observe(target, {\n    attributes: true,\n    attributeFilter: [\"class\"]\n  });\n\n  if (target.classList.contains(className)) {\n    observer.disconnect();\n    counterLayer();\n  }\n}\n\nobserveLayer(\"on-layer3\");\n    <\/script>\n","protected":false},"excerpt":{"rendered":"<p>Personalentwicklung Menschen finden, die das Unternehmen weiterbringen Weiterentwicklung beginnt mit klugen K\u00f6pfen Die Plattform Schleupen.CS entwickelt sich st\u00e4ndig weiter. Obendrein plant das Unternehmen weiteres Wachstum. Daf\u00fcr ist es essenziell, neue hochqualifizierte Mitarbeitende zu gewinnen. Das ist im vergangenen Jahr gelungen, denn die Zahl der Besch\u00e4ftigten ist zum Ende 2024 auf 598 gestiegen und wird im&hellip; <a class=\"more-link\" href=\"https:\/\/schleupen-geschaeftsbericht.de\/2024\/personalentwicklung\/\"><span class=\"screen-reader-text\">Personalentwicklung<\/span> weiterlesen<\/a><\/p>\n","protected":false},"author":2,"featured_media":0,"parent":0,"menu_order":0,"comment_status":"closed","ping_status":"closed","template":"","meta":{"_acf_changed":false,"footnotes":""},"class_list":["post-1367","page","type-page","status-publish","hentry","entry"],"acf":[],"_links":{"self":[{"href":"https:\/\/schleupen-geschaeftsbericht.de\/2024\/wp-json\/wp\/v2\/pages\/1367","targetHints":{"allow":["GET"]}}],"collection":[{"href":"https:\/\/schleupen-geschaeftsbericht.de\/2024\/wp-json\/wp\/v2\/pages"}],"about":[{"href":"https:\/\/schleupen-geschaeftsbericht.de\/2024\/wp-json\/wp\/v2\/types\/page"}],"author":[{"embeddable":true,"href":"https:\/\/schleupen-geschaeftsbericht.de\/2024\/wp-json\/wp\/v2\/users\/2"}],"replies":[{"embeddable":true,"href":"https:\/\/schleupen-geschaeftsbericht.de\/2024\/wp-json\/wp\/v2\/comments?post=1367"}],"version-history":[{"count":88,"href":"https:\/\/schleupen-geschaeftsbericht.de\/2024\/wp-json\/wp\/v2\/pages\/1367\/revisions"}],"predecessor-version":[{"id":3209,"href":"https:\/\/schleupen-geschaeftsbericht.de\/2024\/wp-json\/wp\/v2\/pages\/1367\/revisions\/3209"}],"wp:attachment":[{"href":"https:\/\/schleupen-geschaeftsbericht.de\/2024\/wp-json\/wp\/v2\/media?parent=1367"}],"curies":[{"name":"wp","href":"https:\/\/api.w.org\/{rel}","templated":true}]}}