{"id":1436,"date":"2025-04-17T11:48:55","date_gmt":"2025-04-17T09:48:55","guid":{"rendered":"https:\/\/gb24.valyu-stage.de\/?page_id=1436"},"modified":"2026-05-11T13:32:56","modified_gmt":"2026-05-11T11:32:56","slug":"eigentuemer-aufsichtsrat","status":"publish","type":"page","link":"https:\/\/schleupen-geschaeftsbericht.de\/2024\/eigentuemer-aufsichtsrat\/","title":{"rendered":"Eigent\u00fcmer &#038; Aufsichtsrat"},"content":{"rendered":"\n<div id=\"dolly-container\" class=\"dolly-container\">\n<div class=\"dolly-wrap\">\n<section id=\"layer1\" class=\"dolly-layer\">\n<img decoding=\"async\" src=\"\/2024\/wp-content\/uploads\/schleupen-bg1-background.jpg\" style=\"position: absolute; width: 0; height: 0; opacity: 0;\">\n<img decoding=\"async\" src=\"\/2024\/wp-content\/uploads\/schleupen-bg9.jpg\" style=\"position: absolute; width: 0; height: 0; opacity: 0;\">\n<div id=\"skip\" class=\"dolly-navigation\" onclick=\"triggerClick()\" style=\"position: absolute; width: 0; height: 0; opacity: 0;\">\n<div id=\"skip-trigger\" data-anchor=\"layer2\" class=\"dolly-anchor underline\"><\/div>\n<\/section>\n<section id=\"layer2\" class=\"dolly-layer\">\n<div class=\"layer-wrapper\">\n<div class=\"fullscreen content-wrapper flex-center\">\n<div class=\"text-content flex-center\">\n<h2 class=\"underline chapter margin-mid-bottom\">Eigent\u00fcmer &#038; Aufsichtsrat<\/h2>\n<p class=\"headline-big\">Weiter auf die bew\u00e4hrte Tradition als Familienunternehmen setzen<\/p>\n<\/div>\n<\/div>\n<\/div>\n<\/section>\n<section id=\"layer3\" class=\"dolly-layer\">\n<div class=\"layer-wrapper\">\n<div class=\"fullscreen flex-center\">\n<div class=\"text-card gradient\">\n<div class=\"text-card-content\">\n<h2 class=\"headline margin-big-top margin-mid-bottom\">Michael Schleupen wird neuer<br> Vorsitzender des Aufsichtsrats<\/h2>\n<p class=\"copy margin-big-bottom\">Nach dem unerwarteten Tod des bisherigen Aufsichtsratsvorsitzenden Dr. Andreas Lied im Juni 2024 kam es zu personellen Ver\u00e4nderungen im Aufsichtsrat der Schleupen SE, um diese L\u00fccke zu schlie\u00dfen. Die au\u00dferordentliche Hauptversammlung der Schleupen SE am 09.12.2024 hat Herrn Christian Lindemann, Gesch\u00e4ftsf\u00fchrer sowie COO der Bookwire GmbH und \u00fcber viele Jahre Gesch\u00e4ftsf\u00fchrer der Wolters Kluwer Deutschland GmbH, einstimmig als neues Mitglied des Aufsichtsrats gew\u00e4hlt.<br><br>\nDer neu formierte Aufsichtsrat hat Michael Schleupen zu seinem Vorsitzenden gew\u00e4hlt. Michael Schleupen ist Sohn des Firmengr\u00fcnders Leo Schleupen. Er war bereits stellvertretender Vorsitzender und nahm nach dem Tod von Dr. Lied dessen Aufgaben wahr. Zu seinem Stellvertreter wurde Sean McClymont, Unternehmensberater, Experte f\u00fcr IT-Strategie und -Management und Enkel des ehemaligen Vorstands Arno Petzoldt, gew\u00e4hlt. Damit unterstreicht die Schleupen SE die bew\u00e4hrte Tradition als Familienunternehmen.<\/p>\n<\/div>\n<\/div>\n<\/div>\n<\/div>\n<\/section>\n<section id=\"layer4\" class=\"dolly-layer\">\n<div class=\"layer-wrapper\">\n<div class=\"fullscreen flex-center\">\n<div class=\"text-card gradient\">\n<div class=\"text-card-content flex-left test\">\n<h2 class=\"headline margin-big-top margin-mid-bottom\">Aktuelle Mitglieder des Aufsichtsrats:<\/h2>\n\n<ul class=\"copy\">\n<li>Michael Schleupen (Vorsitzender seit Dezember 2024, stellv. Vorsitzender bis Dezember 2024)<\/li>\n<li>Sean McClymont (stellv. Vorsitzender seit Dezember 2024)<\/li>\n<li>Markus Fischer<\/li>   \n<li>Heinz Heineke<\/li> \n<li>Christian Lindemann (seit Dezember 2024)<\/li> \n<li>Anja Schlittke<\/li>\n<\/ul>\n<hr>\n<h3 class=\"headline margin-mid-bottom\">Mitglieder, die im Laufe des Jahres ausgeschieden sind:<\/h3>\n<ul class=\"copy\">\n<li>Dr. Andreas Lied (Vorsitzender) \u2013 verstorben im Juni 2024<\/li>\n<\/ul>\n<hr>\n<h3 class=\"headline margin-mid-bottom\">Eigent\u00fcmer der Unternehmung:<\/h3>\n<p class=\"copy margin-big-bottom\">Der Gr\u00fcnder und ehemalige Vorst\u00e4nde mit ihren Familien sowie der aktuelle Vorstandsvorsitzende halten die Aktien der Schleupen SE. Im Aufsichtsrat sind alle Familienst\u00e4mme vertreten.<\/p>\n<\/div>\n<\/div>\n<\/div>\n<\/div>\n<\/section>\n<section id=\"layer5\" class=\"dolly-layer\">\n<div class=\"layer-wrapper fullscreen flex-center\">\n<div class=\"text-card gradient\">\n<div class=\"text-card-content margin-big-top margin-big-bottom\">\n<div class=\"onpage-nav\">\n<a href=\"\/2024\/?nav=start-statement-des-vorstandsvorsitzenden\" class=\"btn button-secondary arrow\">zur \u00dcbersicht<\/a>\n<\/div>\n<\/div>\n<\/div>\n<\/div>\n<\/section>\n<\/div>\n<style>\n.on-layer1 .dolly-container,\n.on-layer2 .dolly-container,\n.on-layer5 .dolly-container {\nbackground-image: url(\/2024\/wp-content\/uploads\/Eigentuemer-Aufsichtsrat-01.jpg);\n}\n.on-layer3 .dolly-container {\nbackground-image: url(\/2024\/wp-content\/uploads\/Eigentuemer-Aufsichtsrat-02.jpg);\n} \n.on-layer4 .dolly-container {\nbackground-image: url(\/2024\/wp-content\/uploads\/Eigentuemer-Aufsichtsrat-02.jpg);\n} \nh3 {\nfont-size: 30px!important;\n}\n<\/style>\n<\/div>\n\n\n\n<div id=\"dolly-container-mobile\" class=\"dolly-container\">\n<div class=\"dolly-wrap\">\n<section id=\"layer1\" class=\"dolly-layer\">\n<img decoding=\"async\" src=\"\/2024\/wp-content\/uploads\/schleupen-bg1-background.jpg\" style=\"position: absolute; width: 0; height: 0; opacity: 0;\">\n<img decoding=\"async\" src=\"\/2024\/wp-content\/uploads\/schleupen-bg9.jpg\" style=\"position: absolute; width: 0; height: 0; opacity: 0;\">\n<div id=\"skip\" class=\"dolly-navigation\" onclick=\"triggerClick()\" style=\"position: absolute; width: 0; height: 0; opacity: 0;\">\n<div id=\"skip-trigger\" data-anchor=\"layer2\" class=\"dolly-anchor underline\"><\/div>\n<\/section>\n<section id=\"layer2\" class=\"dolly-layer\">\n<div class=\"layer-wrapper\">\n<div class=\"fullscreen content-wrapper flex-center\">\n<div class=\"text-content flex-center\">\n<h2 class=\"underline chapter margin-mid-bottom\">Eigent\u00fcmer &#038; Aufsichtsrat<\/h2>\n<p class=\"headline-big\">Weiter auf die bew\u00e4hrte Tradition als Familienunternehmen setzen<\/p>\n<\/div>\n<\/div>\n<\/div>\n<\/section>\n<section id=\"layer3\" class=\"dolly-layer\">\n<div class=\"layer-wrapper\">\n<div class=\"fullscreen flex-center\">\n<div class=\"text-card gradient\">\n<div class=\"text-card-content\">\n<h2 class=\"headline margin-big-top margin-mid-bottom\">Michael Schleupen wird neuer<br> Vorsitzender des Aufsichtsrats<\/h2>\n<p class=\"copy margin-big-bottom\">Nach dem unerwarteten Tod des bisherigen Aufsichtsratsvorsitzenden Dr. Andreas Lied im Juni 2024 kam es zu personellen Ver\u00e4nderungen im Aufsichtsrat der Schleupen SE, um diese L\u00fccke zu schlie\u00dfen. Die au\u00dferordentliche Hauptversammlung der Schleupen SE am 09.12.2024 hat Herrn Christian Lindemann, Gesch\u00e4ftsf\u00fchrer sowie COO der Bookwire GmbH und \u00fcber viele Jahre Gesch\u00e4ftsf\u00fchrer der Wolters Kluwer Deutschland GmbH, einstimmig als neues Mitglied des Aufsichtsrats gew\u00e4hlt. &#8230;<\/p>\n<\/div>\n<\/div>\n<\/div>\n<\/div>\n<\/section>\n\n<section id=\"layer4\" class=\"dolly-layer\">\n<div class=\"layer-wrapper\">\n<div class=\"fullscreen flex-center\">\n<div class=\"text-card gradient\">\n<div class=\"text-card-content\">\n<h2 class=\"headline margin-big-top margin-mid-bottom\">Aufsichtsrat regelt Nachfolge<br>\nnach Tod des Vorsitzenden<\/h2>\n<p class=\"copy margin-big-bottom\">\n&#8230; Der neu formierte Aufsichtsrat hat Michael Schleupen zu seinem Vorsitzenden gew\u00e4hlt. Michael Schleupen ist Sohn des Firmengr\u00fcnders Leo Schleupen. Er war bereits stellvertretender Vorsitzender und nahm nach dem Tod von Dr. Lied dessen Aufgaben wahr. Zu seinem Stellvertreter wurde Sean McClymont, Unternehmensberater, Experte f\u00fcr IT-Strategie und -Management und Enkel des ehemaligen Vorstands Arno Petzoldt, gew\u00e4hlt. Damit unterstreicht die Schleupen SE die bew\u00e4hrte Tradition als Familienunternehmen.<\/p>\n<\/div>\n<\/div>\n<\/div>\n<\/div>\n<\/section>\n\n<section id=\"layer5\" class=\"dolly-layer\">\n<div class=\"layer-wrapper\">\n<div class=\"fullscreen flex-center\">\n<div class=\"text-card gradient\">\n<div class=\"text-card-content flex-left test\">\n<h2 class=\"headline margin-big-top margin-mid-bottom\">Aktuelle Mitglieder des Aufsichtsrats:<\/h2>\n\n<ul class=\"copy margin-big-bottom\">\n<li>Michael Schleupen (Vorsitzender seit Dezember 2024, stellv. Vorsitzender bis Dezember 2024)<\/li>\n<li>Sean McClymont (stellv. Vorsitzender seit Dezember 2024)<\/li>\n<li>Markus Fischer<\/li>   \n<li>Heinz Heineke<\/li> \n<li>Christian Lindemann (seit Dezember 2024)<\/li> \n<li>Anja Schlittke<\/li>\n<\/ul>\n<\/div>\n<\/div>\n<\/div>\n<\/div>\n<\/section>\n<section id=\"layer6\" class=\"dolly-layer\">\n<div class=\"layer-wrapper\">\n<div class=\"fullscreen flex-center\">\n<div class=\"text-card gradient\">\n<div class=\"text-card-content flex-left test\">\n<h3 class=\"headline margin-big-top margin-mid-bottom\">Mitglieder, die im Laufe des Jahres ausgeschieden sind:<\/h3>\n<ul class=\"copy\">\n<li>Dr. Andreas Lied (Vorsitzender) \u2013 verstorben im Juni 2024<\/li>\n<\/ul>\n<hr>\n<h3 class=\"headline margin-mid-bottom\">Eigent\u00fcmer der Unternehmung:<\/h3>\n<p class=\"copy margin-big-bottom\">Der Gr\u00fcnder und ehemalige Vorst\u00e4nde mit ihren Familien sowie der aktuelle Vorstandsvorsitzende halten die Aktien der Schleupen SE. Im Aufsichtsrat sind alle Familienst\u00e4mme vertreten.<\/p>\n<\/div>\n<\/div>\n<\/div>\n<\/div>\n<\/section>\n<section id=\"layer7\" class=\"dolly-layer\">\n<div class=\"layer-wrapper fullscreen flex-center\">\n<div class=\"text-card gradient\">\n<div class=\"text-card-content margin-big-top margin-big-bottom\">\n<div class=\"onpage-nav\">\n<a href=\"\/2024\/?nav=start-statement-des-vorstandsvorsitzenden\" class=\"btn button-secondary arrow\">zur \u00dcbersicht<\/a>\n<\/div>\n<\/div>\n<\/div>\n<\/div>\n<\/section>\n<\/div>\n<style>\n\n.on-layer3 .dolly-container,\n.on-layer4 .dolly-container,\n.on-layer5 .dolly-container,\n.on-layer6 .dolly-container,\n.on-layer1 .dolly-container,\n.on-layer2 .dolly-container,\n.on-layer7 .dolly-container {\nbackground-image: url(\/2024\/wp-content\/uploads\/Eigentuemer-Aufsichtsrat-01.jpg);\n}\n\n\/* \n.on-layer3 .dolly-container,\n.on-layer4 .dolly-container,\n.on-layer5 .dolly-container,\n.on-layer6 .dolly-container {\nbackground-image: url(\/2024\/wp-content\/uploads\/Eigentuemer-Aufsichtsrat-02.jpg);\n} \n*\/\n<\/style>\n<\/div>\n\n\n\n<style>\n\nhr {\nwidth: 100%;\nborder-width: 2px;\nborder-color: #fff;\n}\n\n<\/style>\n\n\n\n<p><\/p>\n","protected":false},"excerpt":{"rendered":"<p>Eigent\u00fcmer &#038; Aufsichtsrat Weiter auf die bew\u00e4hrte Tradition als Familienunternehmen setzen Michael Schleupen wird neuer Vorsitzender des Aufsichtsrats Nach dem unerwarteten Tod des bisherigen Aufsichtsratsvorsitzenden Dr. Andreas Lied im Juni 2024 kam es zu personellen Ver\u00e4nderungen im Aufsichtsrat der Schleupen SE, um diese L\u00fccke zu schlie\u00dfen. Die au\u00dferordentliche Hauptversammlung der Schleupen SE am 09.12.2024 hat&hellip; <a class=\"more-link\" href=\"https:\/\/schleupen-geschaeftsbericht.de\/2024\/eigentuemer-aufsichtsrat\/\"><span class=\"screen-reader-text\">Eigent\u00fcmer &#038; Aufsichtsrat<\/span> weiterlesen<\/a><\/p>\n","protected":false},"author":2,"featured_media":0,"parent":0,"menu_order":0,"comment_status":"closed","ping_status":"closed","template":"","meta":{"_acf_changed":false,"footnotes":""},"class_list":["post-1436","page","type-page","status-publish","hentry","entry"],"acf":[],"_links":{"self":[{"href":"https:\/\/schleupen-geschaeftsbericht.de\/2024\/wp-json\/wp\/v2\/pages\/1436","targetHints":{"allow":["GET"]}}],"collection":[{"href":"https:\/\/schleupen-geschaeftsbericht.de\/2024\/wp-json\/wp\/v2\/pages"}],"about":[{"href":"https:\/\/schleupen-geschaeftsbericht.de\/2024\/wp-json\/wp\/v2\/types\/page"}],"author":[{"embeddable":true,"href":"https:\/\/schleupen-geschaeftsbericht.de\/2024\/wp-json\/wp\/v2\/users\/2"}],"replies":[{"embeddable":true,"href":"https:\/\/schleupen-geschaeftsbericht.de\/2024\/wp-json\/wp\/v2\/comments?post=1436"}],"version-history":[{"count":127,"href":"https:\/\/schleupen-geschaeftsbericht.de\/2024\/wp-json\/wp\/v2\/pages\/1436\/revisions"}],"predecessor-version":[{"id":3201,"href":"https:\/\/schleupen-geschaeftsbericht.de\/2024\/wp-json\/wp\/v2\/pages\/1436\/revisions\/3201"}],"wp:attachment":[{"href":"https:\/\/schleupen-geschaeftsbericht.de\/2024\/wp-json\/wp\/v2\/media?parent=1436"}],"curies":[{"name":"wp","href":"https:\/\/api.w.org\/{rel}","templated":true}]}}