{"id":2912,"date":"2025-04-30T08:52:45","date_gmt":"2025-04-30T06:52:45","guid":{"rendered":"https:\/\/gb24.valyu-stage.de\/?page_id=2912"},"modified":"2026-05-11T13:42:00","modified_gmt":"2026-05-11T11:42:00","slug":"ergebnis","status":"publish","type":"page","link":"https:\/\/schleupen-geschaeftsbericht.de\/2024\/ergebnis\/","title":{"rendered":"Umsatz &amp; Ergebnis"},"content":{"rendered":"\n<div id=\"dolly-container\" class=\"dolly-container bg-gradient\">\n<div class=\"dolly-wrap\">\n\n<section id=\"layer1\" class=\"dolly-layer\">\n<\/section>\n\n<section id=\"layer2\" class=\"dolly-layer\">\n<\/section>\n\n<section id=\"layer3\" class=\"dolly-layer\">\n<div class=\"layer-wrapper flex-center\">\n<div class=\"fullscreen flex-center\">\n<video poster=\"\/2024\/wp-content\/uploads\/Schleupen_digitGeschaeftsbericht_rosien_250410_02_1-Kopie.jpg\" id=\"video\" class=\"fullscreen\" autoplay playsinline controls src=\"\/2024\/wp-content\/uploads\/Schleupen_digitGeschaeftsbericht_Rosin_250506_XS.mp4\"><\/video>\n<div id=\"skip\">\n<div id=\"skip-trigger\" class=\"btn button-primary arrow\">skip<\/div>\n<\/div>\n<\/div>\n<\/div>\n<\/section>\n\n\n<section id=\"layer4\" class=\"dolly-layer\">\n<div class=\"layer-wrapper fullscreen flex-center\">\n<div class=\"text-card gradient gwa-content1 card-visibility\">\n<div class=\"text-card-content margin-big-top margin-big-bottom\">\n<div class=\"onpage-nav\">\n<a href=\"\/2024\/?nav=start-statement-des-vorstandsvorsitzenden\" class=\"btn button-secondary arrow\">zur \u00dcbersicht<\/a>\n<a href=\"\/2024\/finanzen\/\" class=\"btn button-primary arrow\">Das Gesch\u00e4ftsjahr in Zahlen<\/a>\n<\/div>\n<\/div>\n<\/div>\n<\/div>\n<\/section>\n\n<\/div>\n<style>\n.on-layer2 .dolly-container {\nbackground-image: url(\/2024\/wp-content\/uploads\/iStock-1396745286-Kopie.jpg);\n}\n<\/style>\n<\/div>\n\n\n\n<div id=\"dolly-container-mobile\" class=\"dolly-container bg-gradient\">\n<div class=\"dolly-wrap\">\n\n<section id=\"layer1\" class=\"dolly-layer\">\n<\/section>\n\n<section id=\"layer2\" class=\"dolly-layer\">\n<\/section>\n\n<section id=\"layer3\" class=\"dolly-layer\">\n<div class=\"layer-wrapper flex-center\" style=\"z-index: 9;\">\n<div class=\"fullscreen flex-center\" style=\"z-index: 9;\">\n<video poster=\"\/2024\/wp-content\/uploads\/Schleupen_digitGeschaeftsbericht_rosien_250410_02_1-Kopie.jpg\" id=\"video\" playsinline controls src=\"\/2024\/wp-content\/uploads\/Schleupen_digitGeschaeftsbericht_Rosin_250506_XS.mp4\" style=\"z-index: 9; width: 100%; height: 100%;\"><\/video>\n<div id=\"skip\" style=\"z-index: 9;\">\n<div id=\"skip-trigger\" class=\"btn button-primary arrow\" style=\"z-index: 9;\">skip<\/div>\n<\/div>\n<\/div>\n<\/div>\n<\/section>\n\n\n<section id=\"layer4\" class=\"dolly-layer\">\n<div class=\"layer-wrapper fullscreen flex-center\">\n<div class=\"text-card gradient gwa-content1 card-visibility\">\n<div class=\"text-card-content margin-big-top margin-big-bottom\">\n<div class=\"onpage-nav\">\n<a href=\"\/2024\/?nav=start-statement-des-vorstandsvorsitzenden\" class=\"btn button-secondary arrow\">zur \u00dcbersicht<\/a>\n<a href=\"\/2024\/finanzen\/\" class=\"btn button-primary arrow\">Das Gesch\u00e4ftsjahr in Zahlen<\/a>\n<\/div>\n<\/div>\n<\/div>\n<\/div>\n<\/section>\n\n<\/div>\n<style>\n.on-layer2 .dolly-container {\nbackground-image: url(\/2024\/wp-content\/uploads\/iStock-1396745286-Kopie.jpg);\n}\n<\/style>\n<\/div>\n\n\n\n<div id=\"guvtable1\" class=\"popup finanzen fullscreen\"><p class=\"close close-button\">x<\/p>\n<div class=\"flex-left\">\n <table class=\"guv-table\">\n            <colgroup>\n                <col style=\"width: 1000px\">\n                <col style=\"width: 110px\">\n                <col style=\"width: 110px\">\n            <\/colgroup>\n            <tr>\n                <th class=\"column_first\" id=\"column_first_title\">In EUR<\/th>\n                <th id=\"column_year_24\" id=\"column_first_title\"><b>2024<\/b><\/th>\n                <th id=\"column_year_23\" id=\"column_first_title\">2023<\/th>\n            <\/tr>\n            <tr>\n                <td class=\"column_first\" class=\"column_first_content\">Umsatzerl\u00f6se<\/td>\n                <td class=\"key-figures\">98.898.251<\/td>\n                <td class=\"key-figures_2\">82.725.951<\/td>\n            <\/tr>\n            <tr>\n                <td class=\"column_first_content\" class=\" column_first\">Andere aktivierte Eigenleistungen<\/td>\n                <td class=\"key-figures\"><\/td>\n                <td class=\"key-figures_2\"><\/td>\n            <\/tr>\n            <tr>\n                <td class=\"column_first_content\" class=\" column_first\">Sonstige betriebliche Ertr\u00e4ge<\/td>\n                <td class=\"key-figures\">1.544.354<\/td>\n                <td class=\"key-figures_2\">1.279.345<\/td>\n            <\/tr>\n            <tr>\n                <td class=\"column_first_content\" class=\" column_first\">Materialaufwand<\/td>\n                <td class=\"key-figures\">21.482.044<\/td>\n                <td class=\"key-figures_2\">12.090.007<\/td>\n            <\/tr>\n            <tr>\n                <td class=\"column_first_content\" class=\" column_first\">Personalaufwand<\/td>\n                <td class=\"key-figures\">50.074.905<\/td>\n                <td class=\"key-figures_2\">45.947.704<\/td>\n            <\/tr>\n            <tr>\n                <td class=\"column_first_content\" class=\" column_first\">Abschreibungen<\/td>\n                <td class=\"key-figures\">2.854.184<\/td>\n                <td class=\"key-figures_2\">2.634.823<\/td>\n            <\/tr>\n            <tr>\n                <td class=\"column_first_content\" class=\" column_first\">Sonstige betriebliche Aufwendungen<\/td>\n                <td class=\"key-figures\">17.200.958<\/td>\n                <td class=\"key-figures_2\">15.718.547<\/td>\n            <\/tr>\n            <tr>\n                <td class=\"column_first_content\" class=\" column_first\">Ertr\u00e4ge aus Beteiligungen<\/td>\n                <td class=\"key-figures\">200.000<\/td>\n                <td class=\"key-figures_2\">200.000<\/td>\n            <\/tr>\n            <tr>\n                <td class=\"column_first_content\" class=\" column_first\">Sonstige Zinsen und \u00e4hnliche Ertr\u00e4ge<\/td>\n                <td class=\"key-figures\">241.370<\/td>\n                <td class=\"key-figures_2\">256.521<\/td>\n            <\/tr>\n            <tr>\n                <td class=\"column_first_content\" class=\" column_first\">Zinsen und \u00e4hnliche Aufwendungen<\/td>\n                <td class=\"key-figures\">106.678<\/td>\n                <td class=\"key-figures_2\">110.210<\/td>\n            <\/tr>\n            <tr>\n                <td id=\"table_last_border\" class=\"column_first_content\" class=\" column_first\">Steuern vom Einkommen und\n                    vom Ertrag<\/td>\n                <td class=\"key-figures_end\">2.933.326<\/td>\n                <td class=\"key-figures_2_end\">2.519.404<\/td>\n            <\/tr>\n            <tr id=\"table_result\">\n                <td id=\"table_no_border\" class=\"column_first_content\" class=\" column_first\"><b>ERGEBNIS NACH STEUERN<\/b>\n                <\/td>\n                <td class=\"key-figures\"><b>6.231.880<\/b><\/td>\n                <td class=\"key-figures_2\" id=\"table_no_border\"><b>5.441.122<\/b><\/td>\n            <\/tr>\n        <\/table>\n\n<p class=\"copy\">Der vollst\u00e4ndige Jahresabschluss fu\u0308r das Gesch\u00e4ftsjahr 2024 wie auch die Abschlu\u0308sse der<br>\nVorjahre k\u00f6nnen dem Bundesanzeiger (www.bundesanzeiger.de) entnommen werden.\n<\/p>\n<\/div>\n<\/div>\n\n\n<div id=\"guvtable2\" class=\"popup finanzen fullscreen\"><p class=\"close close-button\">x<\/p>\n<div class=\"flex-left\">\n<table class=\"guv-table\">\n     <colgroup>\n                <col style=\"width: 1000px\">\n                <col style=\"width: 110px\">\n                <col style=\"width: 110px\">\n     <\/colgroup>       \n<tr>\n<th>AKTIVA<\/th>\n<th class=\"key-figures\">31.12.2024 <br>EUR<\/th>\n<th class=\"key-figures_2\">31.12.2023 <br>EUR<\/th>\n<\/tr>\n<tr>\n<td><b>A. Anlageverm\u00f6gen<\/b><\/td>\n<td class=\"key-figures\"><\/td>\n<td class=\"key-figures_2\"><\/td>\n<\/tr>\n<tr>\n<td>Immaterielle Verm\u00f6gensgegenst\u00e4nde<\/td>\n<td class=\"key-figures\">1.318.102<\/td>\n<td class=\"key-figures_2\">892.262<\/td>\n<\/tr>\n<tr>\n<td>Sachanlagen<\/td>\n<td class=\"key-figures\">24.927.068<\/td>\n<td class=\"key-figures_2\">25.722.898<\/td>\n<\/tr>\n<tr>\n<td>Finanzanlagen<\/td>\n<td class=\"key-figures\">206.124<\/td>\n<td class=\"key-figures_2\">206.124<\/td>\n<\/tr>\n<tr>\n<td><b>Summe Anlageverm\u00f6gen<\/b><\/td>\n<td class=\"key-figures\"><b>26.451.294<\/b><\/td>\n<td class=\"key-figures_2\"><b>26.821.284<\/b><\/td>\n<\/tr>\n<tr>\n<td><\/td>\n<td class=\"key-figures\"><\/td>\n<td class=\"key-figures_2\"><\/td>\n<\/tr>\n<tr>\n<td><b>B. Umlaufverm\u00f6gen<\/b><\/td>\n<td class=\"key-figures\"><\/td>\n<td class=\"key-figures_2\"><\/td>\n<\/tr>\n<tr>\n<td>Vorr\u00e4te<\/td>\n<td class=\"key-figures\">1.364.946<\/td>\n<td class=\"key-figures_2\">1.002.160<\/td>\n<\/tr>\n<tr>\n<td>Forderungen und sonstige Verm\u00f6gensgegenst\u00e4nde<\/td>\n<td class=\"key-figures\">9.210.201<\/td>\n<td class=\"key-figures_2\">6.397.290<\/td>\n<\/tr>\n<tr>\n<td>Kassenbestand, Bundesbankguthaben, Guthaben\nbei Kreditinstituten und Schecks<\/td>\n<td class=\"key-figures\">33.525<\/td>\n<td class=\"key-figures_2\">558.787<\/td>\n<\/tr>\n<tr>\n<td><b>Summe Umlaufverm\u00f6gen<\/b><\/td>\n<td class=\"key-figures\"><b>10.508.672<\/b><\/td>\n<td class=\"key-figures_2\"><b>7.958.237<\/b><\/td>\n<\/tr>\n<tr>\n<td><\/td>\n<td class=\"key-figures\"><\/td>\n<td class=\"key-figures_2\"><\/td>\n<\/tr>\n<tr>\n<td>C. Rechnungsabgrenzungsposten<\/td>\n<td class=\"key-figures\">1.321.891<\/td>\n<td class=\"key-figures_2\">1.150.025<\/td>\n<\/tr>\n<tr>\n<td><\/td>\n<td class=\"key-figures\"><\/td>\n<td class=\"key-figures_2\"><\/td>\n<\/tr>\n<tr>\n<td>D. Aktive latente Steuern<\/td>\n<td class=\"key-figures\">6.863<\/td>\n<td class=\"key-figures_2\">23.110<\/td>\n<\/tr>\n<tr>\n<td><\/td>\n<td class=\"key-figures\"><\/td>\n<td class=\"key-figures_2\"><\/td>\n<\/tr>\n<tr>\n<td id=\"table_no_border\"><b>SUMME AKTIVA<\/b><\/td>\n<td class=\"key-figures\" id=\"table_no_border\"><b>38.388.720<\/b><\/td>\n<td class=\"key-figures_2\" id=\"table_no_border\"><b>35.952.656<\/b><\/td>\n<\/tr>\n<\/table>\n<\/div>\n<\/div>\n\n\n<div id=\"guvtable3\" class=\"popup finanzen fullscreen\"><p class=\"close close-button\">x<\/p>\n<div class=\"flex-left\">\n <table class=\"guv-table\">\n            <colgroup>\n                <col style=\"width: 1000px\">\n                <col style=\"width: 110px\">\n                <col style=\"width: 110px\">\n            <\/colgroup>\n<tr>\n<th>PASSIVA<\/th>\n<th class=\"key-figures\">31.12.2024<\/th>\n<th class=\"key-figures_2\">31.12.2023<\/th>\n<\/tr>\n<tr>\n<td><b>A. Eigenkapital<\/b><\/td>\n<td class=\"key-figures\"><\/td>\n<td class=\"key-figures_2\"><\/td>\n<\/tr>\n<tr>\n<td>Gezeichnetes Kapital<\/td>\n<td class=\"key-figures\">4.216.000<\/td>\n<td class=\"key-figures_2\">4.216.000<\/td>\n<\/tr>\n<tr>\n<td>Kapitalr\u00fccklage<\/td>\n<td class=\"key-figures\">367.263<\/td>\n<td class=\"key-figures_2\">367.263<\/td>\n<\/tr>\n<tr>\n<td>Gewinnr\u00fccklagen<\/td>\n<td class=\"key-figures\">577.121<\/td>\n<td class=\"key-figures_2\">577.121<\/td>\n<\/tr>\n<tr>\n<td>Bilanzgewinn<\/td>\n<td class=\"key-figures\">6.149.911<\/td>\n<td class=\"key-figures_2\">5.396.380<\/td>\n<\/tr>\n<tr>\n<td><b>Summe Eigenkapital<\/b><\/td>\n<td class=\"key-figures\"><b>11.310.295<\/b><\/td>\n<td class=\"key-figures_2\"><b>10.556.764<\/b><\/td>\n<\/tr>\n<tr>\n<td><\/td>\n<td class=\"key-figures\"><\/td>\n<td class=\"key-figures_2\"><\/td>\n<\/tr>\n<tr>\n<td><b>B. R\u00fcckstellungen<\/b><\/td>\n<td class=\"key-figures\"><\/td>\n<td class=\"key-figures_2\"><\/td>\n<\/tr>\n<tr>\n<td>R\u00fcckstellungen f\u00fcr Pensionen und \u00e4hnliche Verpflichtungen<\/td>\n<td class=\"key-figures\">526.405<\/td>\n<td class=\"key-figures_2\">502.109<\/td>\n<\/tr>\n<tr>\n<td>Steuerr\u00fcckstellungen<\/td>\n<td class=\"key-figures\">226.121<\/td>\n<td class=\"key-figures_2\">0<\/td>\n<\/tr>\n<tr>\n<td>Sonstige R\u00fcckstellungen<\/td>\n<td class=\"key-figures\">9.223.212<\/td>\n<td class=\"key-figures_2\">9.170.128<\/td>\n<\/tr>\n<tr>\n<td><b>Summe R\u00fcckstellungen<\/b><\/td>\n<td class=\"key-figures\"><b>9.975.738<\/b><\/td>\n<td class=\"key-figures_2\"><b>9.672.237<\/b><\/td>\n<\/tr>\n<tr>\n<td><\/td>\n<td class=\"key-figures\"><\/td>\n<td class=\"key-figures_2\"><\/td>\n<\/tr>\n<tr>\n<td><b>C. Verbindlichkeiten<\/b><\/td>\n<td class=\"key-figures\"><\/td>\n<td class=\"key-figures_2\"><\/td>\n<\/tr>\n<tr>\n<td>Verbindlichkeiten gegen\u00fcber Kreditinstituten<\/td>\n<td class=\"key-figures\">10.645.597<\/td>\n<td class=\"key-figures_2\">9.519.612<\/td>\n<\/tr>\n<tr>\n<td>Verbindlichkeiten aus Lieferungen und Leistungen<\/td>\n<td class=\"key-figures\">3.955.887<\/td>\n<td class=\"key-figures_2\">2.689.566<\/td>\n<\/tr>\n<tr>\n<td>Verbindlichkeiten gegen\u00fcber verbundenen Unternehmen<\/td>\n<td class=\"key-figures\">101.386<\/td>\n<td class=\"key-figures_2\">27.332<\/td>\n<\/tr>\n<tr>\n<td>Verbindlichkeiten gegen\u00fcber Unternehmen, mit denen ein Beteiligungsverh\u00e4ltnis besteht<\/td>\n<td class=\"key-figures\">44.199<\/td>\n<td class=\"key-figures_2\">0<\/td>\n<\/tr>\n<tr>\n<td>Sonstige Verbindlichkeiten<\/td>\n<td class=\"key-figures\">852.774<\/td>\n<td class=\"key-figures_2\">574.164<\/td>\n<\/tr>\n<tr>\n<td><b>Summe Verbindlichkeiten<\/b><\/td>\n<td class=\"key-figures\"><b>15.599.843<\/b><\/td>\n<td class=\"key-figures_2\"><b>12.810.674<\/b><\/td>\n<\/tr>\n<tr>\n<td><\/td>\n<td class=\"key-figures\"><\/td>\n<td class=\"key-figures_2\"><\/td>\n<\/tr>\n<tr>\n<td><b>Rechnungsabgrenzungsposten<\/b><\/td>\n<td class=\"key-figures\"><b>1.502.844<\/b><\/td>\n<td class=\"key-figures_2\"><b>2.912.981<\/b><\/td>\n<\/tr>\n<tr>\n<td><\/td>\n<td class=\"key-figures\"><\/td>\n<td class=\"key-figures_2\"><\/td>\n<\/tr>\n<tr>\n<td id=\"table_no_border\"><b>SUMME PASSIVA<\/b><\/td>\n<td class=\"key-figures\" id=\"table_no_border\"><b>38.388.720<\/b><\/td>\n<td class=\"key-figures_2\" id=\"table_no_border\"><b>35.952.656<\/b><\/td>\n<\/tr>\n<\/table>\n\n<\/div>\n<\/div>\n\n\n\n<script>\n$(document).ready(function() {\n  $('.close').on('click', function() {\n    $('.popup').hide(); \/\/ oder .fadeOut(), wenn du eine Animation willst\n  });\n});\n\n<\/script>\n\n\n\n<style>\n@media(max-width:1024px) {\n.popup {\ntext-align: center;\n    flex-direction: column;\n    justify-content: center;\nbackground: linear-gradient(50deg, rgba(126, 69, 168, 1) 0%, rgba(36, 62, 128, 1) 25%, rgba(3, 59, 112, 1) 50%, rgba(26, 84, 134, 1) 75%, rgba(105, 175, 206, 1) 100%);    margin: 7%;\n    border-radius: 25px;\n    left: 0;\n    top: -1%;\n}\n\n.close-button{\ncolor: #00386D;\n    font-size: 39px;\n    text-align: end;\n    height: 25px;\n    padding-right: 32px;\ncursor:pointer;\n}\n\n\n    .weiterlesen-container {\n      display: inline-flex;\n      align-items: center;\n      gap: 16px;\n      padding: 5px 24px;\n      cursor: pointer;\n      user-select: none;\n    }\n\n    .circle {\n        width: 24px;\n        height: 24px;\n        border-radius: 50%;\n        background-color: white;\n        display: flex;\n        align-items: center;\n        justify-content: center;    }\n\n.circle::before {\n    content: \"+\";\n    font-weight: bold;\n    line-height: 1;\n    color: #00386E;\n    font-size: larger;\n    font-family: 'Netto';\n}\n\n.finanzen-popup {\n    flex-direction: column;\n    justify-content: center;\n    align-items: center;\n}\n\n#flex-direction-finanzen {\n    flex-direction: column;\n    align-items: center;\n}\n\n}\n<\/style>\n\n\n\n<style>\n\n@media(max-width:1024px) {\n\n.finanzen-width-mobile{\nwidth:100%;\n}\n\n}\n\n<\/style>\n\n\n\n<style>\n\n#align-copy-finanzen {\ntext-align:center;\n}\n\n#flex-direction-finanzen {\nflex-direction:column;\n}\n\n.card-visibility {\nposition:absolute;\n}\n\n\n\ntable td {\n    border-bottom: solid 1px #ffffff !important;\n}\n@media (min-width: 1400px) {\ntable td {\n    font-size: 16px;\n}\n}\ntable th {\n    border-bottom: solid 2px #ffffff !important;\n}\n\n.key-figures {\n    color: #00386D;\n    border-bottom: #FFF solid 1px;\n    background-color: #DBFF01;\n    padding-right: 10px;\nline-height: 1.2;\n    \n}\n\n.key-figures_2 {\n    color: #00386D;\n    border-bottom: #fff solid 1px!Important;\n    background-color: rgba(255, 255, 255, 0.72);\n    padding-right: 10px;\nline-height: 1.2;\n}\n\n.key-figures_end {\n    color: #00386D;\n    border-bottom: #00386D solid 3px!important;\n    background-color: #DBFF01;\n    padding-right: 10px;\n    \n}\n\n.key-figures_2_end {\n    color: #00386D;\n    border-bottom: #fff solid 3px!important;\n    background-color: rgba(255, 255, 255, 0.72);\n    padding-right: 10px;\n}\n\n#table_last_border, #column_first_title {\n    border-bottom: #fff solid 3px!important;\n}\n\n#column_year_24 {\n    color: #00386D;\n    border-bottom: #00386D solid 3px !important;\n}\n\n#column_year_23 {\n    color: #00386D;\n    background-color: rgba(255, 255, 255, 0.72);\n}\n\n.key-figures {\n    border-bottom: #00386D solid 1px !important;\n}\n\n.column_first {\n    border-bottom: #fff solid 1px!Important;\n}\n\n.column_first_content {\n      border-bottom: #fff solid 1px!Important;\n}\n\n#table_no_border {\n    border-bottom: none!Important;\n}\n\n#lottie-container-5 {\n    margin-top: -80px;\n    margin-bottom: -80px;\n}\n\n#special_tab {\n\n    max-width: 1250px;\n}\n\n@media (1670px <= width) {\n#special {\n     max-width: 1350px;\n     \n\n     }\n.copy li {\n\n     font-size: 18px!important;\n}\n\n}\n\n\n<\/style>\n\n\n\n<script>\n$(document).ready(function() {\n  var target = document.body;\n  var observer = new MutationObserver(function(mutations) {\n    mutations.forEach(function(mutation) {\n      if (mutation.attributeName === \"class\") {\n        if ($(target).hasClass('on-layer4')) {\n          $('#video')[0].pause();\n        } else {\n        }\n      }\n    });\n  });\n  var config = { attributes: true, attributeFilter: ['class'] };\n  observer.observe(target, config);\n});\n<\/script>\n\n\n\n<script>\nconst video = document.getElementById('video');\nasync function testAutoplay(video) {\n  try {\n    await video.play();\n    console.log('autoplay');\n  } catch (err) {\n    if (video.muted === false) {\n      console.log('autoplay muted');\n      video.muted = true;\n      video.play();\n    } else {\n      console.log('autoplay disallowed');\n      video.poster = \"\/2024\/wp-content\/uploads\/Schleupen_digitGeschaeftsbericht_rosien_250410_02_1-Kopie.jpg\";\n    }\n  }\n}\n\ntestAutoplay(video);\n<\/script>\n\n\n\n<style>\n@media (min-aspect-ratio: 16\/9) {\n  video {\n    object-fit: contain!important;\n  }\n}\n<\/style>\n","protected":false},"excerpt":{"rendered":"<p>skip zur \u00dcbersicht Das Gesch\u00e4ftsjahr in Zahlen skip zur \u00dcbersicht Das Gesch\u00e4ftsjahr in Zahlen x In EUR 2024 2023 Umsatzerl\u00f6se 98.898.251 82.725.951 Andere aktivierte Eigenleistungen Sonstige betriebliche Ertr\u00e4ge 1.544.354 1.279.345 Materialaufwand 21.482.044 12.090.007 Personalaufwand 50.074.905 45.947.704 Abschreibungen 2.854.184 2.634.823 Sonstige betriebliche Aufwendungen 17.200.958 15.718.547 Ertr\u00e4ge aus Beteiligungen 200.000 200.000 Sonstige Zinsen und \u00e4hnliche Ertr\u00e4ge 241.370&hellip; <a class=\"more-link\" href=\"https:\/\/schleupen-geschaeftsbericht.de\/2024\/ergebnis\/\"><span class=\"screen-reader-text\">Umsatz &amp; Ergebnis<\/span> weiterlesen<\/a><\/p>\n","protected":false},"author":2,"featured_media":0,"parent":0,"menu_order":0,"comment_status":"closed","ping_status":"closed","template":"","meta":{"_acf_changed":false,"footnotes":""},"class_list":["post-2912","page","type-page","status-publish","hentry","entry"],"acf":[],"_links":{"self":[{"href":"https:\/\/schleupen-geschaeftsbericht.de\/2024\/wp-json\/wp\/v2\/pages\/2912","targetHints":{"allow":["GET"]}}],"collection":[{"href":"https:\/\/schleupen-geschaeftsbericht.de\/2024\/wp-json\/wp\/v2\/pages"}],"about":[{"href":"https:\/\/schleupen-geschaeftsbericht.de\/2024\/wp-json\/wp\/v2\/types\/page"}],"author":[{"embeddable":true,"href":"https:\/\/schleupen-geschaeftsbericht.de\/2024\/wp-json\/wp\/v2\/users\/2"}],"replies":[{"embeddable":true,"href":"https:\/\/schleupen-geschaeftsbericht.de\/2024\/wp-json\/wp\/v2\/comments?post=2912"}],"version-history":[{"count":35,"href":"https:\/\/schleupen-geschaeftsbericht.de\/2024\/wp-json\/wp\/v2\/pages\/2912\/revisions"}],"predecessor-version":[{"id":3214,"href":"https:\/\/schleupen-geschaeftsbericht.de\/2024\/wp-json\/wp\/v2\/pages\/2912\/revisions\/3214"}],"wp:attachment":[{"href":"https:\/\/schleupen-geschaeftsbericht.de\/2024\/wp-json\/wp\/v2\/media?parent=2912"}],"curies":[{"name":"wp","href":"https:\/\/api.w.org\/{rel}","templated":true}]}}