{"id":333,"date":"2025-04-09T10:30:33","date_gmt":"2025-04-09T08:30:33","guid":{"rendered":"https:\/\/gb25.valyu-stage.de\/?page_id=333"},"modified":"2026-05-11T13:33:55","modified_gmt":"2026-05-11T11:33:55","slug":"gateway-administration","status":"publish","type":"page","link":"https:\/\/schleupen-geschaeftsbericht.de\/2024\/gateway-administration\/","title":{"rendered":"Gateway-Administration"},"content":{"rendered":"\n<div id=\"dolly-container\" class=\"dolly-container bg-gradient\">\n    <div class=\"dolly-wrap\">\n\n    <section id=\"layer1\" class=\"dolly-layer\">\n<img decoding=\"async\" src=\"\/2024\/wp-content\/uploads\/gwa-frame.jpg\" style=\"position: absolute; width: 0; height: 0; opacity: 0;\">\n        <div id=\"skip\" class=\"dolly-navigation\" onclick=\"triggerClick()\" style=\"position: absolute; width: 0; height: 0; opacity: 0;\">\n        <div id=\"skip-trigger\" data-anchor=\"layer2\" class=\"dolly-anchor underline active-anchor\"><\/div>\n        <\/div>\n        <\/section>\n\n\n<section id=\"layer2\" class=\"dolly-layer\">\n<div class=\"layer-wrapper\">\n<video class=\"gwa-intro fullscreen\" muted autoplay loop src=\"\/2024\/wp-content\/uploads\/iStock-1264206256-1.mp4\"><\/video>\n<div class=\"fullscreen content-wrapper flex-center gwa-content1\">\n<div class=\"text-content flex-center\">\n<h2 class=\"underline chapter margin-mid-bottom\">Gateway-Administration<\/h2>\n<p class=\"headline-big\">Weiter an den entscheidenden Schaltstellen f\u00fcr die Zukunft arbeiten<\/p>\n<\/div>\n<\/div>\n<\/div>\n<\/section>\n\n<section id=\"layer3\" class=\"dolly-layer whitebg\">\n<div class=\"layer-wrapper flex-center\">\n<div class=\"fullscreen flex-center\">\n<div class=\"text-card gradient\">\n<div class=\"text-card-content\">\n<h3 class=\"headline margin-big-top margin-mid-bottom\">Gateway-Administration: <br>Erfolg durch langen Atem<\/h3>\n<p class=\"copy margin-big-bottom\">Der Markt der L\u00f6sungen zur Gateway-Administration hat sich in den vergangenen Jahren konsolidiert. Der schleppende Rollout der intelligenten Messsysteme f\u00fchrte dazu, dass gerade kleinere Anbieter aus dem Markt ausschieden, weil sie nicht auf die f\u00fcr einen wirtschaftlichen Betrieb erforderliche Zahl von Systemen kamen.  Inzwischen nimmt der Rollout Fahrt auf. Von diesen beiden Entwicklungen hat die Schleupen SE profitiert, die 2024 unter anderem die Stadtwerke Norderney und D\u00f6beln als Kunden f\u00fcr ihre GWA-Komplettl\u00f6sung gewonnen hat. \n<br><br>\nDieses weitere Wachstum hilft, den langfristigen wirtschaftlichen Bestand der L\u00f6sung zu sichern und verbessert ihre Marktposition. Ebenfalls zur Verbesserung der Marktposition beigetragen hat die technische Optimierung der L\u00f6sung durch den Umstieg auf die Administrations-Software der Sagemcom Fr\u00f6schl GmbH. Auch dieser Schritt wurde im Markt und im Kundenkreis sehr gut angenommen. \n<\/p>\n<\/div>\n<\/div>\n<\/div>\n<\/div>\n<\/section>\n\n<section id=\"layer4\" class=\"dolly-layer\">\n<div class=\"layer-wrapper\">\n<div class=\"fullscreen flex-center\">\n<div class=\"text-card gradient\">\n<div class=\"text-card-content\">\n<h3 class=\"headline margin-big-top margin-mid-bottom\">CLS-Management: <br>in den Startl\u00f6chern f\u00fcr das Steuern und Dimmen<\/h3>\n<p class=\"copy margin-big-bottom\">Mit der Steuerung von Verbrauchs- und Erzeugungseinrichtungen \u00fcber den CLS-Kanal wird es in den n\u00e4chsten Jahren ebenfalls vorangehen. Bei diesem Thema ist die Schleupen SE nicht nur durch die Partnerschaft mit der VIVAVIS AG gut aufgestellt, sondern es ist auch zu erwarten, dass der wachsende Bedarf nach netzdienlicher Steuerung den Rollout der intelligenten Messsysteme voranbringen wird. \n<\/p>\n<\/div>\n<\/div>\n<\/div>\n<\/div>\n<\/section>\n\n<section id=\"layer5\" class=\"dolly-layer\">\n<div class=\"layer-wrapper fullscreen flex-center\">\n<video class=\"gwa-intro fullscreen\" muted autoplay loop src=\"\/2024\/wp-content\/uploads\/iStock-1264206256-1.mp4\"><\/video>\n<div class=\"text-card gradient gwa-content1\">\n<div class=\"text-card-content margin-big-top margin-big-bottom\">\n<div class=\"onpage-nav\">\n<a href=\"\/2024\/?nav=start-statement-des-vorstandsvorsitzenden\" class=\"btn button-secondary arrow\">zur \u00dcbersicht<\/a>\n<a href=\"\/2024\/projekte\/\" class=\"btn button-primary arrow\">Projekte<\/a>\n<\/div>\n<\/div>\n<\/div>\n<\/div>\n<\/section>\n\n\n\n\n\n    <\/div>\n\n<style>\n.on-layer3 .dolly-container,\n.on-layer4 .dolly-container {\nbackground-image: url(\/2024\/wp-content\/uploads\/gwa-frame.jpg);\n}\n\n<\/style>\n<\/div>\n\n\n\n<div id=\"dolly-container-mobile\" class=\"dolly-container bg-gradient\">\n    <div class=\"dolly-wrap\">\n\n    <section id=\"layer1\" class=\"dolly-layer\">\n<img decoding=\"async\" src=\"\/2024\/wp-content\/uploads\/gwa-frame.jpg\" style=\"position: absolute; width: 0; height: 0; opacity: 0;\">\n        <div id=\"skip\" class=\"dolly-navigation\" onclick=\"triggerClick()\" style=\"position: absolute; width: 0; height: 0; opacity: 0;\">\n        <div id=\"skip-trigger\" data-anchor=\"layer2\" class=\"dolly-anchor underline active-anchor\"><\/div>\n        <\/div>\n        <\/section>\n\n\n<section id=\"layer2\" class=\"dolly-layer\">\n<div class=\"layer-wrapper\">\n<div class=\"fullscreen content-wrapper flex-center gwa-content1\">\n<div class=\"text-content flex-center\">\n<h2 class=\"underline chapter margin-mid-bottom\">Gateway-Administration<\/h2>\n<p class=\"headline-big\">Weiter an den entscheidenden Schaltstellen f\u00fcr die Zukunft arbeiten<\/p>\n<\/div>\n<\/div>\n<\/div>\n<\/section>\n\n<section id=\"layer3\" class=\"dolly-layer whitebg\">\n<div class=\"layer-wrapper flex-center\">\n<div class=\"fullscreen flex-center\">\n<div class=\"text-card gradient\">\n<div class=\"text-card-content\">\n<h3 class=\"headline margin-big-top margin-mid-bottom\">Gateway-Administration: <br>Erfolg durch langen Atem<\/h3>\n<p class=\"copy margin-big-bottom\">Der Markt der L\u00f6sungen zur Gateway-Administration hat sich in den vergangenen Jahren konsolidiert. Der schleppende Rollout der intelligenten Messsysteme f\u00fchrte dazu, dass gerade kleinere Anbieter aus dem Markt ausschieden, weil sie nicht auf die f\u00fcr einen wirtschaftlichen Betrieb erforderliche Zahl von Systemen kamen.  Inzwischen nimmt der Rollout Fahrt auf. Von diesen beiden Entwicklungen hat die Schleupen SE profitiert, die 2024 unter anderem die Stadtwerke Norderney und D\u00f6beln als Kunden f\u00fcr ihre GWA-Komplettl\u00f6sung gewonnen hat. &#8230;\n<\/p>\n<\/div>\n<\/div>\n<\/div>\n<\/div>\n<\/section>\n\n<section id=\"layer4\" class=\"dolly-layer whitebg\">\n<div class=\"layer-wrapper flex-center\">\n<div class=\"fullscreen flex-center\">\n<div class=\"text-card gradient\">\n<div class=\"text-card-content\">\n<h3 class=\"headline margin-big-top margin-mid-bottom\">Gateway-Administration: <br>Erfolg durch langen Atem<\/h3>\n<p class=\"copy margin-big-bottom\">&#8230; Dieses weitere Wachstum hilft, den langfristigen wirtschaftlichen Bestand der L\u00f6sung zu sichern und verbessert ihre Marktposition. Ebenfalls zur Verbesserung der Marktposition beigetragen hat die technische Optimierung der L\u00f6sung durch den Umstieg auf die Administrations-Software der Sagemcom Fr\u00f6schl GmbH. Auch dieser Schritt wurde im Markt und im Kundenkreis sehr gut angenommen. \n<\/p>\n<\/div>\n<\/div>\n<\/div>\n<\/div>\n<\/section>\n\n<section id=\"layer5\" class=\"dolly-layer\">\n<div class=\"layer-wrapper\">\n<div class=\"fullscreen flex-center\">\n<div class=\"text-card gradient\">\n<div class=\"text-card-content\">\n<h3 class=\"headline margin-big-top margin-mid-bottom\">CLS-Management: <br>in den Startl\u00f6chern f\u00fcr das Steuern und Dimmen<\/h3>\n<p class=\"copy margin-big-bottom\">Mit der Steuerung von Verbrauchs- und Erzeugungseinrichtungen \u00fcber den CLS-Kanal wird es in den n\u00e4chsten Jahren ebenfalls vorangehen. Bei diesem Thema ist die Schleupen SE nicht nur durch die Partnerschaft mit der VIVAVIS AG gut aufgestellt, sondern es ist auch zu erwarten, dass der wachsende Bedarf nach netzdienlicher Steuerung den Rollout der intelligenten Messsysteme voranbringen wird. \n<\/p>\n<\/div>\n<\/div>\n<\/div>\n<\/div>\n<\/section>\n\n<section id=\"layer6\" class=\"dolly-layer\">\n<div class=\"layer-wrapper fullscreen flex-center\">\n<video class=\"gwa-intro fullscreen\" muted autoplay loop src=\"\/2024\/wp-content\/uploads\/iStock-1264206256-1.mp4\"><\/video>\n<div class=\"text-card gradient gwa-content1\">\n<div class=\"text-card-content margin-big-top margin-big-bottom\">\n<div class=\"onpage-nav\">\n<a href=\"\/2024\/?nav=start-statement-des-vorstandsvorsitzenden\" class=\"btn button-secondary arrow\">zur \u00dcbersicht<\/a>\n<a href=\"\/2024\/projekte\/\" class=\"btn button-primary arrow\">Projekte<\/a>\n<\/div>\n<\/div>\n<\/div>\n<\/div>\n<\/section>\n\n\n\n\n\n<\/div>\n\n\n<style>\n.on-layer2 .dolly-container,\n.on-layer3 .dolly-container,\n.on-layer4 .dolly-container,\n.on-layer5 .dolly-container {\nbackground-image: url(\/2024\/wp-content\/uploads\/gwa-frame.jpg);\n}\n\n<\/style>\n<\/div>\n\n\n\n<style>\n\n\n\n\n\n.gwa-intro {\nposition:absolute;\nwidth:100%;\nz-index:0;\n}\n\n\n.gwa-content1 {\nposition: relative;\n    z-index: 2;\n}\n\n\n\n\n\n\n\n<\/style>\n\n\n\n\n\n<p><\/p>\n","protected":false},"excerpt":{"rendered":"<p>Gateway-Administration Weiter an den entscheidenden Schaltstellen f\u00fcr die Zukunft arbeiten Gateway-Administration: Erfolg durch langen Atem Der Markt der L\u00f6sungen zur Gateway-Administration hat sich in den vergangenen Jahren konsolidiert. Der schleppende Rollout der intelligenten Messsysteme f\u00fchrte dazu, dass gerade kleinere Anbieter aus dem Markt ausschieden, weil sie nicht auf die f\u00fcr einen wirtschaftlichen Betrieb erforderliche Zahl&hellip; <a class=\"more-link\" href=\"https:\/\/schleupen-geschaeftsbericht.de\/2024\/gateway-administration\/\"><span class=\"screen-reader-text\">Gateway-Administration<\/span> weiterlesen<\/a><\/p>\n","protected":false},"author":1,"featured_media":0,"parent":0,"menu_order":0,"comment_status":"closed","ping_status":"closed","template":"","meta":{"_acf_changed":false,"footnotes":""},"class_list":["post-333","page","type-page","status-publish","hentry","entry"],"acf":[],"_links":{"self":[{"href":"https:\/\/schleupen-geschaeftsbericht.de\/2024\/wp-json\/wp\/v2\/pages\/333","targetHints":{"allow":["GET"]}}],"collection":[{"href":"https:\/\/schleupen-geschaeftsbericht.de\/2024\/wp-json\/wp\/v2\/pages"}],"about":[{"href":"https:\/\/schleupen-geschaeftsbericht.de\/2024\/wp-json\/wp\/v2\/types\/page"}],"author":[{"embeddable":true,"href":"https:\/\/schleupen-geschaeftsbericht.de\/2024\/wp-json\/wp\/v2\/users\/1"}],"replies":[{"embeddable":true,"href":"https:\/\/schleupen-geschaeftsbericht.de\/2024\/wp-json\/wp\/v2\/comments?post=333"}],"version-history":[{"count":119,"href":"https:\/\/schleupen-geschaeftsbericht.de\/2024\/wp-json\/wp\/v2\/pages\/333\/revisions"}],"predecessor-version":[{"id":3202,"href":"https:\/\/schleupen-geschaeftsbericht.de\/2024\/wp-json\/wp\/v2\/pages\/333\/revisions\/3202"}],"wp:attachment":[{"href":"https:\/\/schleupen-geschaeftsbericht.de\/2024\/wp-json\/wp\/v2\/media?parent=333"}],"curies":[{"name":"wp","href":"https:\/\/api.w.org\/{rel}","templated":true}]}}