{"id":399,"date":"2025-04-08T14:49:36","date_gmt":"2025-04-08T12:49:36","guid":{"rendered":"https:\/\/gb25.valyu-stage.de\/?page_id=399"},"modified":"2026-05-11T13:30:45","modified_gmt":"2026-05-11T11:30:45","slug":"cloud-saas","status":"publish","type":"page","link":"https:\/\/schleupen-geschaeftsbericht.de\/2024\/cloud-saas\/","title":{"rendered":"Cloud &amp; SaaS"},"content":{"rendered":"\n<div id=\"dolly-container\" class=\"dolly-container bg-gradient\">\n<div class=\"dolly-wrap\">\n\n<section id=\"layer1\" class=\"dolly-layer\">\n<img decoding=\"async\" src=\"\/2024\/wp-content\/uploads\/hg_quote_big_cloud_saas.jpg\" style=\"position: absolute; width: 0; height: 0; opacity: 0;\">\n<img decoding=\"async\" src=\"\/2024\/wp-content\/uploads\/gb24_bg_background_cloud-saas_quote2.jpg\" style=\"position: absolute; width: 0; height: 0; opacity: 0;\">\n<div id=\"skip\" class=\"dolly-navigation\" onclick=\"triggerClick()\" style=\"position: absolute; width: 0; height: 0; opacity: 0;\">\n<div id=\"skip-trigger\" data-anchor=\"layer2\" class=\"dolly-anchor underline active-anchor\"><\/div>\n<\/div>\n<\/section>\n\n<section id=\"layer2\" class=\"dolly-layer\">\n<div class=\"layer-wrapper flex-center\">\n<video class=\"gwa-intro fullscreen\" muted autoplay loop src=\"\/2024\/wp-content\/uploads\/cloud-saas-bg_1.mp4\"><\/video>\n<div style=\"position:absolute;\" class=\"fullscreen content-wrapper flex-center gwa-content1\">\n<div class=\"text-content flex-center\">\n<h2 class=\"underline chapter margin-mid-bottom\">Cloud &#038; SaaS<\/h2>\n<p class=\"headline-big\" style=\"text-shadow: #000 1px 0 23px;\">Betriebsmodelle weiterentwickeln, damit sie dem Wettbewerb voraus sind<\/p>\n<\/div>\n<\/div>\n<\/div>\n<\/section>\n\n<section id=\"layer3\" class=\"dolly-layer\">\n<div class=\"layer-wrapper\">\n<div class=\"fullscreen content-wrapper flex-center\">\n<div class=\"quote-content\">\n<h2 class=\"quote-big margin-mid-bottom\">Modernste Plattformen verdienen eine zukunftssichere Heimat. Deshalb setzen wir f\u00fcr Schleupen.CS auf die bew\u00e4hrte St\u00e4rke der AWS-Cloud.<\/h2>\n<p class=\"quote-small\">Gregor Fies<\/p>\n<p class=\"quote-small font-regular font-italic\">Direktor IT-Services &#038; GRC<\/p>\n<\/div>\n<img decoding=\"async\" src=\"\/2024\/wp-content\/uploads\/20250225_Schleupen_M04_Fies_GB_685_pop02.png\" class=\"quote-img\">\n<\/div>\n<\/div>\n<\/section>\n\n<section id=\"layer4\" class=\"dolly-layer\">\n<div class=\"layer-wrapper\">\n<div class=\"fullscreen flex-center\">\n<div class=\"text-card gradient\">\n<div class=\"text-card-content\">\n<h3 class=\"headline margin-big-top margin-mid-bottom\">Die AWS-Cloud: <br>Weiterkommen bei Skalierbarkeit und Verf\u00fcgbarkeit<\/h3>\n<p class=\"copy margin-big-bottom\">Mit den Marktprozessen wird auch die Software zwangsl\u00e4ufig komplexer. Der Funktionsumfang der Plattformen und Anwendungen w\u00e4chst und damit auch die Anspr\u00fcche an die Infrastruktur sowie der Wartungsaufwand. Aus diesem Grund steigt auch bei den Kunden der Schleupen SE der Bedarf nach modernen Cloud- und SaaS-L\u00f6sungen.\n<br><br>\nMit ihrem SaaS-Angebot in der AWS-Cloud hilft die Schleupen SE ihren Kunden, diese Herausforderungen des heutigen Softwarebetriebs zu bew\u00e4ltigen. Updates werden standardisiert eingespielt, um den Wartungsaufwand zu minimieren. Die enorme Skalierbarkeit der Cloud und die minutengenaue Abrechnung sorgt nicht nur daf\u00fcr, dass immer die ben\u00f6tigte Kapazit\u00e4t zur Verf\u00fcgung steht, sondern auch dass nur die Kapazit\u00e4t bezahlt wird, die genutzt wurde. \n<br><br>\nZus\u00e4tzlich bietet die AWS-Cloud maximale Sicherheit durch die optional buchbare Georedundanz in drei Availability Areas im Raum Frankfurt und h\u00f6chste Verf\u00fcgbarkeit sowie Datenhaltung nach deutschem Recht.\n<\/p>\n<\/div>\n<\/div>\n<\/div>\n<\/div>\n<\/section>\n\n<section id=\"layer5\" class=\"dolly-layer\">\n<div class=\"layer-wrapper\">\n<div id=\"visibility-z-index\" class=\"fullscreen flex-center\">\n<div class=\"text-card gradient\">\n<div class=\"text-card-content\">\n<h3 class=\"headline margin-big-top margin-mid-bottom\">Schleupen.Connect: <br>die Verbindung zum Erfolg<\/h3>\n<p class=\"copy margin-big-bottom\">Der gro\u00dfe Erfolg der AS4-L\u00f6sung f\u00fcr die verschl\u00fcsselte Marktkommunikation im Strommarkt konnte im Jahr 2024 mit Schleupen.Connect AS4 f\u00fcr die Gassparte fortgesetzt werden. Zum Erfolg hat beigetragen, dass die Schleupen SE Anfang des Jahres ihre L\u00f6sung f\u00fcr Anbieter anderer ERP-Systeme ge\u00f6ffnet hat und vor allem, dass sie bereit war, PKI- Zertifikate f\u00fcr AS4-L\u00f6sungen anderer Hersteller zu signieren. Das Fehlen der Zertifikate im Markt war eines der wesentlichen Hindernisse f\u00fcr einen reibungslosen Start der Marktkommunikation nach dem neuen Protokoll. \n<br><br>\nBeim 24h-Lieferantenwechsel geht die Schleupen SE \u00e4hnlich vor. Unter dem Produktnamen Schleupen.Connect Web-API bietet das Unternehmen ein Servicepaket f\u00fcr die technischen Voraussetzungen an. Die Web-API, der Verzeichnisdienst und PKI-Zertifikate zur Absicherung der Verschl\u00fcsselung werden wieder allen Marktteilnehmern zur Verf\u00fcgung gestellt. F\u00fcr Kunden, die bereits die AS4-L\u00f6sung nutzen, steht ein erweitertes Leistungsangebot zur Verf\u00fcgung.<\/p>\n<\/div>\n<\/div>\n<\/div>\n<\/div>\n<\/section>\n\n<section id=\"layer6\" class=\"dolly-layer\">\n<div class=\"layer-wrapper\">\n<div class=\"fullscreen flex-center\" id=\"gregor-quote-left\">\n<div id=\"quote2\" class=\"transparent-quote right\">\n<div id=\"quote-gregor-content\" class=\"quote-content\">\n<h3 class=\"\">Nachhaltiges Management bedeutet, Verantwortung sinnvoll abzugeben. Mit unserem SaaS-Angebot \u00fcbergeben Sie den Aufwand des modernen Softwarebetriebs an die Schleupen.Cloud.<\/h3>\n<div class=\"quote2-name\">\n<p class=\"quote-small\">Gregor Fies<\/p><p class=\"quote-small font-regular font-italic\">Direktor IT-Services &#038; GRC<\/p>\n<\/div>\n<\/div>\n<\/div>\n<\/div>\n<\/div>\n<\/section>\n\n<section id=\"layer7\" class=\"dolly-layer\">\n<div class=\"layer-wrapper fullscreen flex-center\">\n<video class=\"gwa-intro fullscreen\" muted autoplay loop src=\"\/2024\/wp-content\/uploads\/iStock-1383940397_4.mp4\"><\/video>\n<div style=\"position:absolute;\" class=\"text-card gradient\">\n<div class=\"text-card-content margin-big-top margin-big-bottom\">\n<div class=\"onpage-nav\">\n<a href=\"\/2024\/?nav=start-statement-des-vorstandsvorsitzenden\" class=\"btn button-secondary arrow\">zur \u00dcbersicht<\/a>\n<a href=\"\/2024\/gateway-administration\/\" class=\"btn button-primary arrow\">Gateway-Administration<\/a>\n<\/div>\n<\/div>\n<\/div>\n<\/div>\n<\/section>\n\n\n<\/div>\n<style>\n.on-layer3 .dolly-container,\n.on-layer5 .dolly-container {\nbackground-image: url(\/wp-content\/uploads\/hg_quote_big_cloud_saas.jpg\n);\n}\n\n\n.on-layer6 .dolly-container {\nbackground-image: url(\/wp-content\/uploads\/gb24_bg_background_cloud-saas_quote2.jpg\n\n);\n}\n<\/style>\n<\/div>\n\n\n\n<div id=\"dolly-container-mobile\" class=\"dolly-container bg-gradient\">\n<div class=\"dolly-wrap\">\n\n<section id=\"layer1\" class=\"dolly-layer\">\n<img decoding=\"async\" src=\"\/2024\/wp-content\/uploads\/hg_quote_big_cloud_saas.jpg\" style=\"position: absolute; width: 0; height: 0; opacity: 0;\">\n<img decoding=\"async\" src=\"\/2024\/wp-content\/uploads\/gb24_bg_background_cloud-saas_quote2.jpg\" style=\"position: absolute; width: 0; height: 0; opacity: 0;\">\n<div id=\"skip\" class=\"dolly-navigation\" onclick=\"triggerClick()\" style=\"position: absolute; width: 0; height: 0; opacity: 0;\">\n<div id=\"skip-trigger\" data-anchor=\"layer2\" class=\"dolly-anchor underline active-anchor\"><\/div>\n<\/div>\n<\/section>\n\n<section id=\"layer2\" class=\"dolly-layer\">\n<div class=\"layer-wrapper flex-center\">\n<video class=\"gwa-intro fullscreen\" muted autoplay loop src=\"\/2024\/wp-content\/uploads\/cloud-saas-bg_1.mp4\"><\/video>\n<div style=\"position:absolute;\" class=\"fullscreen content-wrapper flex-center gwa-content1\">\n<div class=\"text-content flex-center\">\n<h2 class=\"underline chapter margin-mid-bottom\">Cloud &#038; SaaS<\/h2>\n<p class=\"headline-big\" style=\"text-shadow: #000 1px 0 23px;\">Betriebsmodelle weiterentwickeln, damit sie dem Wettbewerb voraus sind<\/p>\n<\/div>\n<\/div>\n<\/div>\n<\/section>\n\n<section id=\"layer3\" class=\"dolly-layer\">\n<div class=\"layer-wrapper\">\n<div class=\"fullscreen content-wrapper flex-center\">\n<div class=\"quote-content\">\n<h2 class=\"quote-big margin-mid-bottom\">Modernste Plattformen verdienen eine zukunftssichere Heimat. Deshalb setzen wir f\u00fcr Schleupen.CS auf die bew\u00e4hrte St\u00e4rke der AWS-Cloud.<\/h2>\n<p class=\"quote-small\">Gregor Fies<\/p>\n<p class=\"quote-small font-regular font-italic\">Direktor IT-Services &#038; GRC<\/p>\n<\/div>\n<img decoding=\"async\" src=\"\/2024\/wp-content\/uploads\/20250225_Schleupen_M04_Fies_GB_685_pop02.png\" class=\"quote-img\">\n<\/div>\n<\/div>\n<\/section>\n\n<section id=\"layer4\" class=\"dolly-layer\">\n<div class=\"layer-wrapper\">\n<div class=\"fullscreen flex-center\">\n<div class=\"text-card gradient\">\n<div class=\"text-card-content\">\n<h3 class=\"headline margin-big-top margin-mid-bottom\">Die AWS-Cloud: <br>Weiterkommen bei Skalierbarkeit und Verf\u00fcgbarkeit<\/h3>\n<p class=\"copy margin-big-bottom\">Mit den Marktprozessen wird auch die Software zwangsl\u00e4ufig komplexer. Der Funktionsumfang der Plattformen und Anwendungen w\u00e4chst und damit auch die Anspr\u00fcche an die Infrastruktur sowie der Wartungsaufwand. Aus diesem Grund steigt auch bei den Kunden der Schleupen SE der Bedarf nach modernen Cloud- und SaaS-L\u00f6sungen. &#8230;\n<\/p>\n<\/div>\n<\/div>\n<\/div>\n<\/div>\n<\/section>\n\n<section id=\"layer5\" class=\"dolly-layer\">\n<div class=\"layer-wrapper\">\n<div class=\"fullscreen flex-center\">\n<div class=\"text-card gradient\">\n<div class=\"text-card-content\">\n<h3 class=\"headline margin-big-top margin-mid-bottom\">Die AWS-Cloud: <br>Weiterkommen bei Skalierbarkeit und Verf\u00fcgbarkeit<\/h3>\n<p class=\"copy margin-big-bottom\">&#8230; Mit ihrem SaaS-Angebot in der AWS-Cloud hilft die Schleupen SE ihren Kunden, diese Herausforderungen des heutigen Softwarebetriebs zu bew\u00e4ltigen. Updates werden standardisiert eingespielt, um den Wartungsaufwand zu minimieren. Die enorme Skalierbarkeit der Cloud und die minutengenaue Abrechnung sorgt nicht nur daf\u00fcr, dass immer die ben\u00f6tigte Kapazit\u00e4t zur Verf\u00fcgung steht, sondern auch dass nur die Kapazit\u00e4t bezahlt wird, die genutzt wurde. &#8230;\n<\/p>\n<\/div>\n<\/div>\n<\/div>\n<\/div>\n<\/section>\n\n\n<section id=\"layer6\" class=\"dolly-layer\">\n<div class=\"layer-wrapper\">\n<div class=\"fullscreen flex-center\">\n<div class=\"text-card gradient\">\n<div class=\"text-card-content\">\n<h3 class=\"headline margin-big-top margin-mid-bottom\">Die AWS-Cloud: <br>Weiterkommen bei Skalierbarkeit und Verf\u00fcgbarkeit<\/h3>\n<p class=\"copy margin-big-bottom\">\n&#8230; Zus\u00e4tzlich bietet die AWS-Cloud maximale Sicherheit durch die optional buchbare Georedundanz in drei Availability Areas im Raum Frankfurt und h\u00f6chste Verf\u00fcgbarkeit sowie Datenhaltung nach deutschem Recht.\n<\/p>\n<\/div>\n<\/div>\n<\/div>\n<\/div>\n<\/section>\n\n<section id=\"layer7\" class=\"dolly-layer\">\n<div class=\"layer-wrapper\">\n<div id=\"visibility-z-index\" class=\"fullscreen flex-center\">\n<div class=\"text-card gradient\">\n<div class=\"text-card-content\">\n<h3 class=\"headline margin-big-top margin-mid-bottom\">Schleupen.Connect: <br>die Verbindung zum Erfolg<\/h3>\n<p class=\"copy margin-big-bottom\">Der gro\u00dfe Erfolg der AS4-L\u00f6sung f\u00fcr die verschl\u00fcsselte Marktkommunikation im Strommarkt konnte im Jahr 2024 mit Schleupen.Connect AS4 f\u00fcr die Gassparte fortgesetzt werden. Zum Erfolg hat beigetragen, dass die Schleupen SE Anfang des Jahres ihre L\u00f6sung f\u00fcr Anbieter anderer ERP-Systeme ge\u00f6ffnet hat und vor allem, dass sie bereit war, PKI- Zertifikate f\u00fcr AS4-L\u00f6sungen anderer Hersteller zu signieren. Das Fehlen der Zertifikate im Markt war eines der wesentlichen Hindernisse f\u00fcr einen reibungslosen Start der Marktkommunikation nach dem neuen Protokoll. &#8230;\n<\/p>\n<\/div>\n<\/div>\n<\/div>\n<\/div>\n<\/section>\n\n<section id=\"layer8\" class=\"dolly-layer\">\n<div class=\"layer-wrapper\">\n<div id=\"visibility-z-index\" class=\"fullscreen flex-center\">\n<div class=\"text-card gradient\">\n<div class=\"text-card-content\">\n<h3 class=\"headline margin-big-top margin-mid-bottom\">Schleupen.Connect: <br>die Verbindung zum Erfolg<\/h3>\n<p class=\"copy margin-big-bottom\">\n&#8230; Beim 24h-Lieferantenwechsel geht die Schleupen SE \u00e4hnlich vor. Unter dem Produktnamen Schleupen.Connect Web-API bietet das Unternehmen ein Servicepaket f\u00fcr die technischen Voraussetzungen an. Die Web-API, der Verzeichnisdienst und PKI-Zertifikate zur Absicherung der Verschl\u00fcsselung werden wieder allen Marktteilnehmern zur Verf\u00fcgung gestellt. F\u00fcr Kunden, die bereits die AS4-L\u00f6sung nutzen, steht ein erweitertes Leistungsangebot zur Verf\u00fcgung.<\/p>\n<\/div>\n<\/div>\n<\/div>\n<\/div>\n<\/section>\n\n<section id=\"layer9\" class=\"dolly-layer\">\n<div class=\"layer-wrapper\">\n<div class=\"fullscreen flex-center\" id=\"gregor-quote-left\">\n<div id=\"quote2\" class=\"transparent-quote right\">\n<div id=\"quote-gregor-content\" class=\"quote-content\">\n<h3 class=\"\">Nachhaltiges Management bedeutet, Verantwortung sinnvoll abzugeben. Mit unserem SaaS-Angebot \u00fcbergeben Sie den Aufwand des modernen Softwarebetriebs an die Schleupen.Cloud.<\/h3>\n<div class=\"quote2-name\">\n<p class=\"quote-small\">Gregor Fies<\/p><p class=\"quote-small font-regular font-italic\">Direktor IT-Services &#038; GRC<\/p>\n<\/div>\n<\/div>\n<\/div>\n<\/div>\n<\/div>\n<\/section>\n\n<section id=\"layer10\" class=\"dolly-layer\">\n<div class=\"layer-wrapper fullscreen flex-center\">\n<video class=\"gwa-intro fullscreen\" muted autoplay loop src=\"\/2024\/wp-content\/uploads\/iStock-1383940397_4.mp4\"><\/video>\n<div style=\"position:absolute;\" class=\"text-card gradient\">\n<div class=\"text-card-content margin-big-top margin-big-bottom\">\n<div class=\"onpage-nav\">\n<a href=\"\/2024\/?nav=start-statement-des-vorstandsvorsitzenden\" class=\"btn button-secondary arrow\">zur \u00dcbersicht<\/a>\n<a href=\"\/2024\/gateway-administration\/\" class=\"btn button-primary arrow\">Gateway-Administration<\/a>\n<\/div>\n<\/div>\n<\/div>\n<\/div>\n<\/section>\n\n\n<\/div>\n<style>\n.on-layer3 .dolly-container,\n.on-layer7 .dolly-container,\n.on-layer8 .dolly-container {\nbackground-image: url(\/wp-content\/uploads\/hg_quote_big_cloud_saas.jpg\n);\n}\n\n\n.on-layer6 .dolly-container,\n.on-layer9 .dolly-container {\nbackground-image: url(\/wp-content\/uploads\/gb24_bg_background_cloud-saas_quote2.jpg\n\n);\n}\n<\/style>\n<\/div>\n\n\n\n<style>\n\n.transparent-quote .quote-content:before {\n    content: \"\";\n    width: 7vw;\n    height: 5.3vw;\n    top: 50%;\n    left: -6%;\n    transform: translate(-50%, -50%);\n    opacity: 1;\n    background-image: url(\/2024\/wp-content\/uploads\/quote-solid.png);\n}\n\n.quote2-name {\n    display: flex;\n    flex-direction: column;\n    position: absolute;\n    top: 115%;\n}\n\n#quote-gregor-content {\nwidth: 97%;\n    margin-left: 4%;\n}\n\n\n#visibility {\nposition:relative;\n}\n\n\n\n#quote2 {\ntop: -15%;\nleft: 8%;\n}\n\n#quote2:after {\n    content: \"\";\n    width: 23.364vw;\n    height: 36.114vw;\n    position: absolute;\n    left: -18vw;\nbackground-image: url(\/2024\/wp-content\/uploads\/20250225_Schleupen_M04_Fies_GB_731_pop02-2.png);\n    background-size: contain;\n}\n\n#visibility-z-index {\nz-index:1;\nposition: relative;\n}\n\n#gregor-image {\nz-index:1;\n}\n\n#quote-gregor-lineup {\nalign-items:end;\n}\n\n.gregor-fies-profile {\nwidth: -webkit-fill-available;\n}\n\n.gwa-intro {\nposition:absolute;\nwidth:100%;\nz-index:0;\n}\n\n\n.gwa-content1 {\nposition: relative;\n    z-index: 2;\n}\n\n\n\n\n.quote-gregor-container {\nposition: relative;\n    z-index: 2;\n    display: flex;\n    flex-direction: row;\n}\n\n.quote-gregor{\nposition: relative;\n    z-index: 2;\n    display: flex;\n    flex-direction: column;\n}\n\n<\/style>\n\n\n\n<style>\n\n@media(max-width:1024px){\n\n#quote2 {\n    top: -5%;\n    left: 4%;\n}\n\n#quote2:after {\n    content: \"\";\n    width: 29.364vw;\n    height: 43.114vw;\n    position: absolute;\n    background-image: url(\/2024\/wp-content\/uploads\/20250225_Schleupen_M04_Fies_GB_731_pop02-2.png);\n    background-size: contain;\n    transform: translate(-73%, -51%);\nleft:0;\n}\n\n}\n\n\n\n<\/style>\n\n\n\n<p><\/p>\n","protected":false},"excerpt":{"rendered":"<p>Cloud &#038; SaaS Betriebsmodelle weiterentwickeln, damit sie dem Wettbewerb voraus sind Modernste Plattformen verdienen eine zukunftssichere Heimat. Deshalb setzen wir f\u00fcr Schleupen.CS auf die bew\u00e4hrte St\u00e4rke der AWS-Cloud. Gregor Fies Direktor IT-Services &#038; GRC Die AWS-Cloud: Weiterkommen bei Skalierbarkeit und Verf\u00fcgbarkeit Mit den Marktprozessen wird auch die Software zwangsl\u00e4ufig komplexer. Der Funktionsumfang der Plattformen und&hellip; <a class=\"more-link\" href=\"https:\/\/schleupen-geschaeftsbericht.de\/2024\/cloud-saas\/\"><span class=\"screen-reader-text\">Cloud &amp; SaaS<\/span> weiterlesen<\/a><\/p>\n","protected":false},"author":2,"featured_media":0,"parent":0,"menu_order":0,"comment_status":"closed","ping_status":"closed","template":"","meta":{"_acf_changed":false,"footnotes":""},"class_list":["post-399","page","type-page","status-publish","hentry","entry"],"acf":[],"_links":{"self":[{"href":"https:\/\/schleupen-geschaeftsbericht.de\/2024\/wp-json\/wp\/v2\/pages\/399","targetHints":{"allow":["GET"]}}],"collection":[{"href":"https:\/\/schleupen-geschaeftsbericht.de\/2024\/wp-json\/wp\/v2\/pages"}],"about":[{"href":"https:\/\/schleupen-geschaeftsbericht.de\/2024\/wp-json\/wp\/v2\/types\/page"}],"author":[{"embeddable":true,"href":"https:\/\/schleupen-geschaeftsbericht.de\/2024\/wp-json\/wp\/v2\/users\/2"}],"replies":[{"embeddable":true,"href":"https:\/\/schleupen-geschaeftsbericht.de\/2024\/wp-json\/wp\/v2\/comments?post=399"}],"version-history":[{"count":164,"href":"https:\/\/schleupen-geschaeftsbericht.de\/2024\/wp-json\/wp\/v2\/pages\/399\/revisions"}],"predecessor-version":[{"id":3198,"href":"https:\/\/schleupen-geschaeftsbericht.de\/2024\/wp-json\/wp\/v2\/pages\/399\/revisions\/3198"}],"wp:attachment":[{"href":"https:\/\/schleupen-geschaeftsbericht.de\/2024\/wp-json\/wp\/v2\/media?parent=399"}],"curies":[{"name":"wp","href":"https:\/\/api.w.org\/{rel}","templated":true}]}}