{"id":564,"date":"2025-03-31T13:52:42","date_gmt":"2025-03-31T11:52:42","guid":{"rendered":"https:\/\/gb24.valyu-stage.de\/?page_id=564"},"modified":"2026-05-11T13:36:30","modified_gmt":"2026-05-11T11:36:30","slug":"marktentwicklung","status":"publish","type":"page","link":"https:\/\/schleupen-geschaeftsbericht.de\/2024\/marktentwicklung\/","title":{"rendered":"Marktentwicklung"},"content":{"rendered":"\n<div id=\"dolly-container\" class=\"dolly-container bg-gradient\">\n    <div class=\"dolly-wrap\">\n\n    <section id=\"layer1\" class=\"dolly-layer\">\n<img decoding=\"async\" src=\"\/2024\/wp-content\/uploads\/gb24_bg_marktentwicklung_hg_quote_big-Kopie.jpg\" style=\"position: absolute; width: 0; height: 0; opacity: 0;\">\n<img decoding=\"async\" src=\"\/2024\/wp-content\/uploads\/gb24_bg_background_Marktentwicklung_quote2-1.jpg\" style=\"position: absolute; width: 0; height: 0; opacity: 0;\">\n<img decoding=\"async\" src=\"\/2024\/wp-content\/uploads\/shutterstock_1083786064-Kopie.jpg\" style=\"position: absolute; width: 0; height: 0; opacity: 0;\">\n<img decoding=\"async\" src=\"\/2024\/wp-content\/uploads\/shutterstock_1083786064-Kopie.jpg\" style=\"position: absolute; width: 0; height: 0; opacity: 0;\">\n        <div id=\"skip\" class=\"dolly-navigation\" onclick=\"triggerClick()\" style=\"position: absolute; width: 0; height: 0; opacity: 0;\">\n        <div id=\"skip-trigger\" data-anchor=\"layer2\" class=\"dolly-anchor underline active-anchor\"><\/div>\n        <\/div>\n        <\/section>\n\n\n<section id=\"layer2\" class=\"dolly-layer\">\n<div class=\"layer-wrapper\">\n<video class=\"gwa-intro fullscreen\" muted autoplay loop src=\"\/2024\/wp-content\/uploads\/iStock-1665291624.mp4\"><\/video>\n<div class=\"fullscreen content-wrapper flex-center gwa-content1\">\n<div class=\"text-content flex-center\">\n<h3 class=\"underline chapter margin-mid-bottom\">Marktentwicklung<\/h3>\n<p class=\"headline-big\">Weiterkommen in einem bewegten Markt<\/p>\n<\/div>\n<\/div>\n<\/div>\n<\/section>\n\n<section id=\"layer3\" class=\"dolly-layer\">\n<div class=\"layer-wrapper\">\n<div class=\"fullscreen content-wrapper flex-center\">\n<div id=\"joerg-quote-width\" class=\"quote-content\">\n<h2 class=\"quote-big margin-mid-bottom\">Marktf\u00fchrende Cost-to-Serve durch technologischen Vorsprung und Lieferf\u00e4higkeit sind die Kriterien, mit denen wir punkten.<\/h2>\n<p class=\"quote-small\">J\u00f6rg Neddermann<\/p>\n<p class=\"quote-small font-regular font-italic\">Direktor Marketing, Vertrieb &#038; Portfoliomanagement<\/p>\n<\/div>\n<img decoding=\"async\" id=\"joerg-image\" src=\"\/2024\/wp-content\/uploads\/20250325_Schleupen_Neddermann_M01_Neddermann_100_pop04.png\" class=\"quote-img\">\n<\/div>\n<\/div>\n<\/section>\n\n<section id=\"layer4\" class=\"dolly-layer\">\n<div class=\"layer-wrapper\">\n<div id=\"visibility-z-index\" class=\"fullscreen flex-center\">\n<div class=\"text-card gradient\">\n<div class=\"text-card-content\">\n<h3 class=\"headline margin-big-top margin-mid-bottom\">Ma\u00dfgeschneidert f\u00fcr die aktuellen Marktbed\u00fcrfnisse<\/h3>\n<p class=\"copy margin-big-bottom\">Aufgrund der vielf\u00e4ltigen Herausforderungen durch Regulatorik und Wettbewerb sowie die Abk\u00fcndigung etablierter L\u00f6sungen ist der Markt der Abrechnungsplattformen f\u00fcr die Versorgungswirtschaft gepr\u00e4gt von vielen Umstellungsprojekten und einem starken Bedarf nach modernen, kosteneffizienten und flexiblen L\u00f6sungen. Kosteneffizienz und Lieferf\u00e4higkeit werden immer mehr zu entscheidenden Kriterien. Durch die komplette Neuentwicklung der Plattform Schleupen.CS&nbsp;3.0 sind die bestehenden und neuen Kunden der Schleupen SE schon heute bestens vorbereitet auf die Anforderungen des von der Energiewende gepr\u00e4gten Marktes. <br><br> Das Angebot der Schleupen SE \u00fcberzeugt Versorgungsunternehmen aller Gr\u00f6\u00dfenordnungen. Dazu geh\u00f6ren zum Beispiel die Stadtwerke Langen GmbH und die RheinEnergie AG. Das stetige Wachsen der Anwendergemeinschaft zeigt nicht nur, dass die Schleupen SE \u00fcber ein wettbewerbsf\u00e4higes Angebot verf\u00fcgt, sondern auch, dass Versorgungsunternehmen bereit sind, ihre bestehenden Abrechnungsl\u00f6sungen durch moderne Plattformen zu ersetzen. Es ist die Bewegung im Markt, die immer wieder erfreuliche Chancen er\u00f6ffnet.  \n<\/p>\n<\/div>\n<\/div>\n<\/div>\n<\/div>\n<\/section>\n\n<section id=\"layer5\" class=\"dolly-layer\">\n<div class=\"layer-wrapper\">\n<div class=\"fullscreen flex-center\" id=\"joerg-quote-left\">\n<div id=\"quote2\" class=\"transparent-quote right\">\n<div class=\"quote-content joerg-quote\">\n<h3 class=\"\">Dynamische Tarife funktionieren im Massengesch\u00e4ft nur mit einem zeitreihenbasierten Abrechnungssystem.<\/h3>\n<div class=\"quote2-name\">\n<p class=\"quote-small\">J\u00f6rg Neddermann<\/p>\n<p class=\"quote-small font-regular font-italic\">Direktor Marketing,<br> Vertrieb &#038; Portfoliomanagement<\/p>\n<\/div>\n<\/div>\n<\/div>\n<\/div>\n<\/section>\n\n\n<section id=\"layer6\" class=\"dolly-layer\">\n<div class=\"layer-wrapper\">\n<div id=\"visibility-z-index\" class=\"fullscreen flex-center\">\n<div class=\"text-card gradient\">\n<div class=\"text-card-content\">\n<h3 class=\"headline margin-big-top margin-mid-bottom\">Effizient bei \nregulatorischen Anpassungen<\/h3>\n<p class=\"copy margin-big-bottom\">Anspruchsvolle regulatorische \u00c4nderungen pr\u00e4gen weiterhin den Markt. Im Jahr 2024 besch\u00e4ftigte die Energieversorger vor allem die Pflicht, ab Januar 2025 dynamische Stromtarife anzubieten.  Da in Schleupen.CS aufgrund der zeitreihenbasierten Abrechnung schon in der Basisversion dynamische Tarife verarbeitet werden k\u00f6nnen, ist dies allen Schleupen-Kunden m\u00f6glich. Die AS4-Einf\u00fchrung in der Gassparte verlief aufgrund der guten Erfahrungen in der Stromsparte ebenfalls reibungslos. \n<br><br>\nDes Weiteren starteten die technischen Vorbereitungen f\u00fcr den 24h-Lieferantenwechsel, das gro\u00dfe regulatorische Thema im Jahr 2025. Im abgelaufenen Gesch\u00e4ftsjahr wurden schon die ben\u00f6tigte Web-API und der Verzeichnisdienst vorangetrieben, damit die Umstellung reibungslos laufen kann. Als Erfolg hat sich der Vertrieb von PKI-Zertifikaten erwiesen, die sowohl f\u00fcr AS4 als auch f\u00fcr die Web-API ben\u00f6tigt werden. Die Schleupen SE geh\u00f6rt zum kleinen Kreis von Unternehmen, die eine eigene Sub-CA betreiben und ist deshalb in der Lage, Zertifikate auszustellen.<\/p>\n<\/div>\n<\/div>\n<\/div>\n<\/section>\n\n<section id=\"layer7\" class=\"dolly-layer\">\n<div id=\"visibility-z-index\" class=\"layer-wrapper fullscreen flex-center\">\n<div class=\"text-card gradient\" style=\"max-width: 1200px;\">\n<div class=\"text-card-content\">\n<h3 class=\"headline margin-big-top margin-mid-bottom\">Erg\u00e4nzende L\u00f6sungen durch Best-in-Class-Partner<\/h3>\n<p class=\"copy margin-big-bottom\">Die Komplexit\u00e4t des Marktes ist derartig gewachsen, dass es unm\u00f6glich ist, in allen Bereichen die beste L\u00f6sung selbst zu entwickeln. Deshalb fokussiert die Schleupen SE sich besonders auf die Kernkompetenzen Billing, Marktkommunikation und Kundenserviceprozesse. Ausgew\u00e4hlte andere Prozesse werden in Kooperation mit strategischen Partnern bedient. In diesen F\u00e4llen tritt Schleupen als Generalunternehmer auf und sichert somit die durchg\u00e4ngige Integration \u00fcber den gesamten Produktlebenszyklus. In Summe ergeben sich im Sinne eines Baukastensystems f\u00fcr jeden Kunden die flexiblen Auswahlm\u00f6glichkeiten, um die jeweils am besten passende Systemkombination entsprechend eigener Bedarfe nutzen zu k\u00f6nnen.\n<br><br>\nBestes Beispiel ist das Kundenportal CS.IT. Dieses basiert auf dem Produkt PowerCommerce der ITC AG aus Dresden. Seit 2007 besteht diese Kooperation, \u00fcber 160 Kunden haben diese L\u00f6sung im Einsatz. Mit SchleupenOne, entwickelt von der endios GmbH, wurde die f\u00fchrende Smartphone-App f\u00fcr die deutsche Versorgungwirtschaft integriert, \u00fcber 50 Schleupen.CS-Anwender haben sich zwischenzeitig f\u00fcr diesen Weg der Kundenkommunikation entschieden. Durch die Zusammenarbeit mit der enytime green GmbH wurde die App um ein Home-Energy-Management-System (HEMS) erweitert. Auf diese Weise wird Versorgungsunternehmen die Vermarktung dynamischer Stromtarife an Endkunden wesentlich erleichtert. \n<br><br>\nDas hohe Interesse der Versorgungsbetriebe an digitaler Unterst\u00fctzung im Vertrieb schlug sich auch in der Nachfrage nach leistungsf\u00e4higen CRM-Systemen nieder. So w\u00e4chst die Zahl der Anwender von EVI und TINA, den L\u00f6sungen der CURSOR SOFTWARE AG. Auch hier bietet die Schleupen SE alles aus einer Hand, inklusive Projekt, Integration und Betrieb. Auch zu den Produkten von Salesforce bestehen entsprechende Schnittstellen.<\/p>\n<\/div>\n<\/div>\n<\/div>\n<\/section>\n\n\n<section id=\"layer8\" class=\"dolly-layer\">\n<div class=\"layer-wrapper\">\n<div id=\"visibility-z-index\" class=\"fullscreen flex-center\">\n<div class=\"text-card gradient\" id=\"special\">\n<div class=\"text-card-content\">\n<p class=\"headline margin-mid-top\">L\u00f6sungen Dritter \nintelligent anbinden<\/p>\n<!--<img decoding=\"async\" class=\"chart-partners\" src=\"\/2024\/wp-content\/uploads\/schleupen-cs.svg\">-->\n<div id=\"lottie\"><\/div>\n<\/div>\n<\/div>\n<\/div>\n<\/div>\n<\/section>\n\n<section id=\"layer9\" class=\"dolly-layer\">\n<div class=\"layer-wrapper fullscreen flex-center\">\n<video class=\"gwa-intro fullscreen\" muted autoplay loop src=\"\/2024\/wp-content\/uploads\/iStock-1665291624.mp4\"><\/video>\n<div style=\"position:relative;\"class=\"text-card gradient\">\n<div class=\"text-card-content margin-big-top margin-big-bottom\">\n<div class=\"onpage-nav\">\n<a href=\"\/2024\/?nav=start-statement-des-vorstandsvorsitzenden\" class=\"btn button-secondary arrow\">zur \u00dcbersicht<\/a>\n<a href=\"\/2024\/softwareentwicklung\/\" class=\"btn button-primary arrow\">Softwareentwicklung<\/a>\n<\/div>\n<\/div>\n<\/div>\n<\/div>\n  <\/section>\n\n<\/div>\n<style>\n.on-layer3 .dolly-container {\nbackground-image: url(\/2024\/wp-content\/uploads\/gb24_bg_marktentwicklung_hg_quote_big-Kopie.jpg);\n}\n\n.on-layer5 .dolly-container {\nbackground-image: url(\/2024\/wp-content\/uploads\/gb24_bg_background_Marktentwicklung_quote2-1.jpg);\n}\n\n.on-layer4 .dolly-container,\n.on-layer6 .dolly-container {\nbackground-image: url(\/2024\/wp-content\/uploads\/shutterstock_1083786064-Kopie.jpg);\n}\n<\/style>\n<\/div>\n\n\n\n<div id=\"dolly-container-mobile\" class=\"dolly-container bg-gradient\">\n    <div class=\"dolly-wrap\">\n\n    <section id=\"layer1\" class=\"dolly-layer\">\n<img decoding=\"async\" src=\"\/2024\/wp-content\/uploads\/gb24_bg_marktentwicklung_hg_quote_big-Kopie.jpg\" style=\"position: absolute; width: 0; height: 0; opacity: 0;\">\n<img decoding=\"async\" src=\"\/2024\/wp-content\/uploads\/gb24_bg_background_Marktentwicklung_quote2-1.jpg\" style=\"position: absolute; width: 0; height: 0; opacity: 0;\">\n<img decoding=\"async\" src=\"\/2024\/wp-content\/uploads\/shutterstock_1083786064-Kopie.jpg\" style=\"position: absolute; width: 0; height: 0; opacity: 0;\">\n<img decoding=\"async\" src=\"\/2024\/wp-content\/uploads\/shutterstock_1083786064-Kopie.jpg\" style=\"position: absolute; width: 0; height: 0; opacity: 0;\">\n        <div id=\"skip\" class=\"dolly-navigation\" onclick=\"triggerClick()\" style=\"position: absolute; width: 0; height: 0; opacity: 0;\">\n        <div id=\"skip-trigger\" data-anchor=\"layer2\" class=\"dolly-anchor underline active-anchor\"><\/div>\n        <\/div>\n        <\/section>\n\n\n<section id=\"layer2\" class=\"dolly-layer\">\n<div class=\"layer-wrapper\">\n<video class=\"gwa-intro fullscreen\" muted autoplay loop src=\"\/2024\/wp-content\/uploads\/iStock-1665291624.mp4\"><\/video>\n<div class=\"fullscreen content-wrapper flex-center gwa-content1\">\n<div class=\"text-content flex-center\">\n<h3 class=\"underline chapter margin-mid-bottom\">Marktentwicklung<\/h3>\n<p class=\"headline-big\">Weiterkommen in einem bewegten Markt<\/p>\n<\/div>\n<\/div>\n<\/div>\n<\/section>\n\n<section id=\"layer3\" class=\"dolly-layer\">\n<div class=\"layer-wrapper\">\n<div class=\"fullscreen content-wrapper flex-center\">\n<div id=\"joerg-quote-width\" class=\"quote-content\">\n<h2 class=\"quote-big margin-mid-bottom\">Marktf\u00fchrende Cost-to-Serve durch technologischen Vorsprung und Lieferf\u00e4higkeit sind die Kriterien, mit denen wir punkten.<\/h2>\n<p class=\"quote-small\">J\u00f6rg Neddermann<\/p>\n<p class=\"quote-small font-regular font-italic\">Direktor Marketing, Vertrieb &#038; Portfoliomanagement<\/p>\n<\/div>\n<img decoding=\"async\" id=\"joerg-image\" src=\"\/2024\/wp-content\/uploads\/20250325_Schleupen_Neddermann_M01_Neddermann_100_pop04.png\" class=\"quote-img\">\n<\/div>\n<\/div>\n<\/section>\n\n<section id=\"layer4\" class=\"dolly-layer\">\n<div class=\"layer-wrapper\">\n<div id=\"visibility-z-index\" class=\"fullscreen flex-center\">\n<div class=\"text-card gradient\">\n<div class=\"text-card-content\">\n<h3 class=\"headline margin-big-top margin-mid-bottom\">Ma\u00dfgeschneidert f\u00fcr die aktuellen Marktbed\u00fcrfnisse<\/h3>\n<p class=\"copy margin-big-bottom\">Aufgrund der vielf\u00e4ltigen Herausforderungen durch Regulatorik und Wettbewerb sowie die Abk\u00fcndigung etablierter L\u00f6sungen ist der Markt der Abrechnungsplattformen f\u00fcr die Versorgungswirtschaft gepr\u00e4gt von vielen Umstellungsprojekten und einem starken Bedarf nach modernen, kosteneffizienten und flexiblen L\u00f6sungen. Kosteneffizienz und Lieferf\u00e4higkeit werden immer mehr zu entscheidenden Kriterien. Durch die komplette Neuentwicklung der Plattform Schleupen.CS&nbsp;3.0 sind die bestehenden und neuen Kunden der Schleupen SE schon heute bestens vorbereitet auf die Anforderungen des von der Energiewende gepr\u00e4gten Marktes. &#8230;\n<\/p>\n<\/div>\n<\/div>\n<\/div>\n<\/div>\n<\/section>\n\n<section id=\"layer5\" class=\"dolly-layer\">\n<div class=\"layer-wrapper\">\n<div id=\"visibility-z-index\" class=\"fullscreen flex-center\">\n<div class=\"text-card gradient\">\n<div class=\"text-card-content\">\n<h3 class=\"headline margin-big-top margin-mid-bottom\">Ma\u00dfgeschneidert f\u00fcr die aktuellen Marktbed\u00fcrfnisse<\/h3>\n<p class=\"copy margin-big-bottom\">&#8230; Das Angebot der Schleupen SE \u00fcberzeugt Versorgungsunternehmen aller Gr\u00f6\u00dfenordnungen. Dazu geh\u00f6ren zum Beispiel die Stadtwerke Langen GmbH und die RheinEnergie AG. Das stetige Wachsen der Anwendergemeinschaft zeigt nicht nur, dass die Schleupen SE \u00fcber ein wettbewerbsf\u00e4higes Angebot verf\u00fcgt, sondern auch, dass Versorgungsunternehmen bereit sind, ihre bestehenden Abrechnungsl\u00f6sungen durch moderne Plattformen zu ersetzen. Es ist die Bewegung im Markt, die immer wieder erfreuliche Chancen er\u00f6ffnet.  \n<\/p>\n<\/div>\n<\/div>\n<\/div>\n<\/div>\n<\/section>\n\n\n<section id=\"layer6\" class=\"dolly-layer\">\n<div class=\"layer-wrapper\">\n<div class=\"fullscreen flex-center\" id=\"joerg-quote-left\">\n<div id=\"quote2\" class=\"transparent-quote right\">\n<div class=\"quote-content joerg-quote\">\n<h3 class=\"\">Dynamische Tarife funktionieren im Massengesch\u00e4ft nur mit einem zeitreihenbasierten Abrechnungssystem.<\/h3>\n<div class=\"quote2-name\">\n<p class=\"quote-small\">J\u00f6rg Neddermann<\/p>\n<p class=\"quote-small font-regular font-italic\">Direktor Marketing,<br> Vertrieb &#038; Portfoliomanagement<\/p>\n<\/div>\n<\/div>\n<\/div>\n<\/div>\n<\/section>\n\n\n<section id=\"layer7\" class=\"dolly-layer\">\n<div class=\"layer-wrapper\">\n<div id=\"visibility-z-index\" class=\"fullscreen flex-center\">\n<div class=\"text-card gradient\">\n<div class=\"text-card-content\">\n<h3 class=\"headline margin-big-top margin-mid-bottom\">Effizient bei \nregulatorischen Anpassungen<\/h3>\n<p class=\"copy margin-big-bottom\">Anspruchsvolle regulatorische \u00c4nderungen pr\u00e4gen weiterhin den Markt. Im Jahr 2024 besch\u00e4ftigte die Energieversorger vor allem die Pflicht, ab Januar 2025 dynamische Stromtarife anzubieten.  Da in Schleupen.CS aufgrund der zeitreihenbasierten Abrechnung schon in der Basisversion dynamische Tarife verarbeitet werden k\u00f6nnen, ist dies allen Schleupen-Kunden m\u00f6glich. Die AS4-Einf\u00fchrung in der Gassparte verlief aufgrund der guten Erfahrungen in der Stromsparte ebenfalls reibungslos. &#8230;\n<\/p>\n<\/div>\n<\/div>\n<\/div>\n<\/section>\n\n<section id=\"layer8\" class=\"dolly-layer\">\n<div class=\"layer-wrapper\">\n<div id=\"visibility-z-index\" class=\"fullscreen flex-center\">\n<div class=\"text-card gradient\">\n<div class=\"text-card-content\">\n<h3 class=\"headline margin-big-top margin-mid-bottom\">Effizient bei \nregulatorischen Anpassungen<\/h3>\n<p class=\"copy margin-big-bottom\">\n&#8230; Des Weiteren starteten die technischen Vorbereitungen f\u00fcr den 24h-Lieferantenwechsel, das gro\u00dfe regulatorische Thema im Jahr 2025. Im abgelaufenen Gesch\u00e4ftsjahr wurden schon die ben\u00f6tigte Web-API und der Verzeichnisdienst vorangetrieben, damit die Umstellung reibungslos laufen kann. Als Erfolg hat sich der Vertrieb von PKI-Zertifikaten erwiesen, die sowohl f\u00fcr AS4 als auch f\u00fcr die Web-API ben\u00f6tigt werden. Die Schleupen SE geh\u00f6rt zum kleinen Kreis von Unternehmen, die eine eigene Sub-CA betreiben und ist deshalb in der Lage, Zertifikate auszustellen.<\/p>\n<\/div>\n<\/div>\n<\/div>\n<\/section>\n\n<section id=\"layer9\" class=\"dolly-layer\">\n<div id=\"visibility-z-index\" class=\"layer-wrapper fullscreen flex-center\">\n<div class=\"text-card gradient\" style=\"max-width: 1200px;\">\n<div class=\"text-card-content\">\n<h3 class=\"headline margin-big-top margin-mid-bottom\">Erg\u00e4nzende L\u00f6sungen durch Best-in-Class-Partner<\/h3>\n<p class=\"copy margin-big-bottom\">Die Komplexit\u00e4t des Marktes ist derartig gewachsen, dass es unm\u00f6glich ist, in allen Bereichen die beste L\u00f6sung selbst zu entwickeln. Deshalb fokussiert die Schleupen SE sich besonders auf die Kernkompetenzen Billing, Marktkommunikation und Kundenserviceprozesse. Ausgew\u00e4hlte andere Prozesse werden in Kooperation mit strategischen Partnern bedient. In diesen F\u00e4llen tritt Schleupen als Generalunternehmer auf und sichert somit die durchg\u00e4ngige Integration \u00fcber den gesamten Produktlebenszyklus. In Summe ergeben sich im Sinne eines Baukastensystems f\u00fcr jeden Kunden die flexiblen Auswahlm\u00f6glichkeiten, um die jeweils am besten passende Systemkombination entsprechend eigener Bedarfe nutzen zu k\u00f6nnen. &#8230;\n<\/p>\n<\/div>\n<\/div>\n<\/div>\n<\/section>\n\n<section id=\"layer10\" class=\"dolly-layer\">\n<div id=\"visibility-z-index\" class=\"layer-wrapper fullscreen flex-center\">\n<div class=\"text-card gradient\" style=\"max-width: 1200px;\">\n<div class=\"text-card-content\">\n<h3 class=\"headline margin-big-top margin-mid-bottom\">Erg\u00e4nzende L\u00f6sungen durch Best-in-Class-Partner<\/h3>\n<p class=\"copy margin-big-bottom\">\n&#8230; Bestes Beispiel ist das Kundenportal CS.IT. Dieses basiert auf dem Produkt PowerCommerce der ITC AG aus Dresden. Seit 2007 besteht diese Kooperation, \u00fcber 160 Kunden haben diese L\u00f6sung im Einsatz. Mit SchleupenOne, entwickelt von der endios GmbH, wurde die f\u00fchrende Smartphone-App f\u00fcr die deutsche Versorgungwirtschaft integriert, \u00fcber 50 Schleupen.CS-Anwender haben sich zwischenzeitig f\u00fcr diesen Weg der Kundenkommunikation entschieden. Durch die Zusammenarbeit mit der enytime green GmbH wurde die App um ein Home-Energy-Management-System (HEMS) erweitert. Auf diese Weise wird Versorgungsunternehmen die Vermarktung dynamischer Stromtarife an Endkunden wesentlich erleichtert. &#8230;\n<\/p>\n<\/div>\n<\/div>\n<\/div>\n<\/section>\n\n<section id=\"layer11\" class=\"dolly-layer\">\n<div id=\"visibility-z-index\" class=\"layer-wrapper fullscreen flex-center\">\n<div class=\"text-card gradient\" style=\"max-width: 1200px;\">\n<div class=\"text-card-content\">\n<h3 class=\"headline margin-big-top margin-mid-bottom\">Erg\u00e4nzende L\u00f6sungen durch Best-in-Class-Partner<\/h3>\n<p class=\"copy margin-big-bottom\">\n&#8230; Das hohe Interesse der Versorgungsbetriebe an digitaler Unterst\u00fctzung im Vertrieb schlug sich auch in der Nachfrage nach leistungsf\u00e4higen CRM-Systemen nieder. So w\u00e4chst die Zahl der Anwender von EVI und TINA, den L\u00f6sungen der CURSOR SOFTWARE AG. Auch hier bietet die Schleupen SE alles aus einer Hand, inklusive Projekt, Integration und Betrieb. Auch zu den Produkten von Salesforce bestehen entsprechende Schnittstellen.<\/p>\n<\/div>\n<\/div>\n<\/div>\n<\/section>\n\n<section id=\"layer12\" class=\"dolly-layer\">\n<div class=\"layer-wrapper\">\n<div id=\"visibility-z-index\" class=\"fullscreen flex-center\">\n<div class=\"text-card gradient\" id=\"special\">\n<div class=\"text-card-content\">\n<p class=\"headline margin-mid-top\">L\u00f6sungen Dritter \nintelligent anbinden<\/p>\n<!--<img decoding=\"async\" class=\"chart-partners\" src=\"\/2024\/wp-content\/uploads\/schleupen-cs.svg\">-->\n<div id=\"lottie\"><\/div>\n<\/div>\n<\/div>\n<\/div>\n<\/div>\n<\/section>\n\n<section id=\"layer13\" class=\"dolly-layer\">\n<div class=\"layer-wrapper fullscreen flex-center\">\n<video class=\"gwa-intro fullscreen\" muted autoplay loop src=\"\/2024\/wp-content\/uploads\/iStock-1665291624.mp4\"><\/video>\n<div style=\"position:relative;\"class=\"text-card gradient\">\n<div class=\"text-card-content margin-big-top margin-big-bottom\">\n<div class=\"onpage-nav\">\n<a href=\"\/2024\/?nav=start-statement-des-vorstandsvorsitzenden\" class=\"btn button-secondary arrow\">zur \u00dcbersicht<\/a>\n<a href=\"\/2024\/softwareentwicklung\/\" class=\"btn button-primary arrow\">Softwareentwicklung<\/a>\n<\/div>\n<\/div>\n<\/div>\n<\/div>\n  <\/section>\n\n<\/div>\n<style>\n.on-layer3 .dolly-container,\n.on-layer4 .dolly-container {\nbackground-image: url(\/2024\/wp-content\/uploads\/gb24_bg_marktentwicklung_hg_quote_big-Kopie.jpg);\n}\n\n.on-layer6 .dolly-container,\n.on-layer9 .dolly-container, \n.on-layer10 .dolly-container,\n.on-layer11 .dolly-container {\nbackground-image: url(\/2024\/wp-content\/uploads\/gb24_bg_background_Marktentwicklung_quote2-1.jpg);\n}\n\n.on-layer5 .dolly-container,\n.on-layer7 .dolly-container,\n.on-layer8 .dolly-container {\nbackground-image: url(\/2024\/wp-content\/uploads\/shutterstock_1083786064-Kopie.jpg);\n}\n<\/style>\n<\/div>\n\n\n\n<style>\n.quote2-name {\n    display: flex;\n    flex-direction: column;\n    position: absolute;\n    top: 115%;\n}\n\n.quote-content:before {\n    content: \"\";\n    position: absolute;\n    width: 19.427vw;\n    height: 14.6vw;\n    top: -18%;\n    left: -10%;\n    opacity: 0.3;\n    background-image: url(\/2024\/wp-content\/uploads\/quote-big.png);\n    background-size: contain;\n}\n\n#quote2:after {\n    position: absolute;\n    content: \"\";\n    width: 54vw;\n    height: 40vw;\n    transform: translate(-50%, -50%);\n    background-image: url(\/2024\/wp-content\/uploads\/20250325_Schleupen_Neddermann_M01_Neddermann_248_pop04.png);\n    background-size: contain;\n}\n\n\n.chart-partners {\nwidth: 80%;\n    margin-bottom: 5%;\n}\n\n.quote-human-name {\n    position: absolute;\n    transform: translate(-90%, 81%);\n}\n\n\n#quote2 {\ntop:-9%;\nleft: 8%;\n}\n\n\n#visibility-z-index {\nz-index:1;\nposition:absolute;\n}\n\n#gregor-image {\nz-index:1;\n}\n\n\n.gwa-intro {\nposition:absolute;\nwidth:100%;\nz-index:0;\n}\n\n.gwa-content1 {\nposition: relative;\n    z-index: 2;\n}\n\n#joerg-image {\nz-index:2;\n    height: -webkit-fill-available;\n\n}\n\n@media (1921px <= width) {\n#special {\n     max-width: 1350px;\n     }\n}\n\n@media (max-width: 1024px) {\n#lottie {\n    position: relative;\n    top: -60px;\nwidth: 80%;\nmargin-bottom: -15%;\n}\n\n#joerg-image {\nmargin-top:5%;\n}\n\n}\n<\/style>\n\n\n\n<script src=\"\/2024\/wp-content\/themes\/schleupen\/assets\/js\/lottie-animation\/loesungen-dritter.js\"><\/script>\n\n<script>\ndocument.addEventListener('DOMContentLoaded', function () {\nconst animation = lottie.loadAnimation({\ncontainer: document.getElementById('lottie'),\nrenderer: 'svg',\nloop: false,\nautoplay: false,\nanimationData: animationData\n});\nconst handleClassChange = (mutationsList, observer) => {\nfor (const mutation of mutationsList) {\nif (mutation.type === 'attributes' && mutation.attributeName === 'class') {\nif (document.body.classList.contains('dolly-mobile')) {\nif (document.body.classList.contains('on-layer12')) {\nanimation.goToAndPlay(0, true);\nobserver.disconnect();\n}\n} else {\nif (document.body.classList.contains('on-layer8')) {\nanimation.goToAndPlay(0, true);\nobserver.disconnect();\n}\n}\n}\n}\n};\nconst observer = new MutationObserver(handleClassChange);\nobserver.observe(document.body, { attributes: true });\n});\n<\/script>\n\n\n\n<p><\/p>\n","protected":false},"excerpt":{"rendered":"<p>Marktentwicklung Weiterkommen in einem bewegten Markt Marktf\u00fchrende Cost-to-Serve durch technologischen Vorsprung und Lieferf\u00e4higkeit sind die Kriterien, mit denen wir punkten. J\u00f6rg Neddermann Direktor Marketing, Vertrieb &#038; Portfoliomanagement Ma\u00dfgeschneidert f\u00fcr die aktuellen Marktbed\u00fcrfnisse Aufgrund der vielf\u00e4ltigen Herausforderungen durch Regulatorik und Wettbewerb sowie die Abk\u00fcndigung etablierter L\u00f6sungen ist der Markt der Abrechnungsplattformen f\u00fcr die Versorgungswirtschaft gepr\u00e4gt von&hellip; <a class=\"more-link\" href=\"https:\/\/schleupen-geschaeftsbericht.de\/2024\/marktentwicklung\/\"><span class=\"screen-reader-text\">Marktentwicklung<\/span> weiterlesen<\/a><\/p>\n","protected":false},"author":2,"featured_media":0,"parent":0,"menu_order":0,"comment_status":"closed","ping_status":"closed","template":"","meta":{"_acf_changed":false,"footnotes":""},"class_list":["post-564","page","type-page","status-publish","hentry","entry"],"acf":[],"_links":{"self":[{"href":"https:\/\/schleupen-geschaeftsbericht.de\/2024\/wp-json\/wp\/v2\/pages\/564","targetHints":{"allow":["GET"]}}],"collection":[{"href":"https:\/\/schleupen-geschaeftsbericht.de\/2024\/wp-json\/wp\/v2\/pages"}],"about":[{"href":"https:\/\/schleupen-geschaeftsbericht.de\/2024\/wp-json\/wp\/v2\/types\/page"}],"author":[{"embeddable":true,"href":"https:\/\/schleupen-geschaeftsbericht.de\/2024\/wp-json\/wp\/v2\/users\/2"}],"replies":[{"embeddable":true,"href":"https:\/\/schleupen-geschaeftsbericht.de\/2024\/wp-json\/wp\/v2\/comments?post=564"}],"version-history":[{"count":164,"href":"https:\/\/schleupen-geschaeftsbericht.de\/2024\/wp-json\/wp\/v2\/pages\/564\/revisions"}],"predecessor-version":[{"id":3206,"href":"https:\/\/schleupen-geschaeftsbericht.de\/2024\/wp-json\/wp\/v2\/pages\/564\/revisions\/3206"}],"wp:attachment":[{"href":"https:\/\/schleupen-geschaeftsbericht.de\/2024\/wp-json\/wp\/v2\/media?parent=564"}],"curies":[{"name":"wp","href":"https:\/\/api.w.org\/{rel}","templated":true}]}}