{"id":650,"date":"2025-04-01T09:02:59","date_gmt":"2025-04-01T07:02:59","guid":{"rendered":"https:\/\/gb24.valyu-stage.de\/?page_id=650"},"modified":"2026-05-11T13:40:35","modified_gmt":"2026-05-11T11:40:35","slug":"softwareentwicklung","status":"publish","type":"page","link":"https:\/\/schleupen-geschaeftsbericht.de\/2024\/softwareentwicklung\/","title":{"rendered":"Softwareentwicklung"},"content":{"rendered":"\n<div id=\"dolly-container\" class=\"dolly-container\">\n<div class=\"dolly-wrap\">\n\n\n<section id=\"layer1\" class=\"dolly-layer\">\n<img decoding=\"async\" src=\"\/2024\/wp-content\/uploads\/gb24_bg_softwareentwicklung_tree_big.jpg\" style=\"position: absolute; width: 0; height: 0; opacity: 0;\">\n<img decoding=\"async\" src=\"\/2024\/wp-content\/uploads\/gb24_bg_softwareentwicklung_quote-big-1.jpg\" style=\"position: absolute; width: 0; height: 0; opacity: 0;\">\n<img decoding=\"async\" src=\"\/2024\/wp-content\/uploads\/gb24_bg_softwareentwicklung_quote2.jpg\" style=\"position: absolute; width: 0; height: 0; opacity: 0;\">\n    <div id=\"skip\" class=\"dolly-navigation\" onclick=\"triggerClick()\" style=\"position: absolute; width: 0; height: 0; opacity: 0;\">\n    <div id=\"skip-trigger\" data-anchor=\"layer2\" class=\"dolly-anchor underline active-anchor\"><\/div>\n    <\/div>\n    <\/section>\n\n\n<section id=\"layer2\" class=\"dolly-layer\">\n<div class=\"layer-wrapper flex-center\">\n<video class=\"gwa-intro fullscreen\" muted autoplay loop src=\"\/2024\/wp-content\/uploads\/shutterstock_3445173061_1.mp4\"><\/video>\n<div class=\"fullscreen content-wrapper flex-center gwa-content1\">\n<div class=\"text-content flex-center headline-visibility\">\n<h3 class=\"underline chapter margin-mid-bottom\">Softwareentwicklung<\/h3>\n<p class=\"headline-big\">Technologien weiterdenken, um Effizienz und Flexibilit\u00e4t weiter zu steigern<\/p>\n<\/div>\n<\/div>\n<\/div>\n<\/section>\n\n<section id=\"layer3\" class=\"dolly-layer\">\n<div class=\"layer-wrapper\">\n<div class=\"fullscreen content-wrapper flex-center\">\n<div class=\"quote-content\">\n<h2 class=\"quote-big margin-mid-bottom\">Wir halten die Dinge im Fluss \u2013 \nein flexibles Abrechnungssystem mit integriertem Messwertmanagement macht das m\u00f6glich. Wir nennen das Continuous Billing.<\/h2>\n<p class=\"quote-small\">Christoph Pack<\/p>\n<p class=\"quote-small font-regular font-italic\">Direktor Softwareentwicklung<\/p>\n<\/div>\n<img decoding=\"async\" src=\"\/2024\/wp-content\/uploads\/20250226_Schleupen_M03_Pack_GB_494-5_pop02.png\" class=\"quote-img\">\n<\/div>\n<\/div>\n<\/section>\n\n\n<section id=\"layer4\" class=\"dolly-layer\">\n<div class=\"layer-wrapper\">\n<div id=\"visibility-z-index\" class=\"fullscreen flex-center\">\n<div class=\"text-card gradient\">\n<div class=\"text-card-content\">\n<h3 class=\"headline margin-big-top margin-mid-bottom\">Heute den Vorsprung von morgen entwickeln<\/h3>\n<p class=\"copy margin-big-bottom\">Die Softwareentwicklung arbeitet Tag f\u00fcr Tag daran, die effizienteste und beste Plattform Schleupen.CS, die es je gab, noch besser zu machen. Zus\u00e4tzlich wurden im letzten Jahr fristgerecht L\u00f6sungen f\u00fcr die aktuellen regulatorischen Herausforderungen entwickelt und wichtige Features f\u00fcr die Billing-Prozesse von morgen programmiert.<\/p>\n<\/div>\n<\/div>\n<\/div>\n<\/div>\n<\/section>\n\n<section id=\"layer5\" class=\"dolly-layer\">\n<div class=\"layer-wrapper\">\n<div id=\"visibility-z-index\" class=\"fullscreen flex-center\">\n<div class=\"text-card gradient\">\n<div class=\"text-card-content\">\n<h3 class=\"headline margin-big-top margin-mid-bottom\">Continuous Billing: <br>Heute dynamische Tarife mit dem Billing von morgen verarbeiten<\/h3>\n<p class=\"copy margin-big-bottom\">Besonders hervorzuheben ist die weitere Perfektionierung des innovativen Continuous Billing \u2013 beispielsweise durch die Entwicklung von Preislisten. Diese erm\u00f6glichen \u00fcberregional vertriebsorientierten Unternehmen die einfache Verwaltung einer Vielzahl von Preisen und ihrer Geltungsdauer. Auf der anderen Seite wurde eine M\u00f6glichkeit realisiert, die Day-Ahead-Preise an der europ\u00e4ischen Stromb\u00f6rse EPEX \u00fcber einen Web-Service des Schleupen-Partners GET AG zu importieren. In Verbindung mit der zeitreihenbasierten Abrechnung des Continuous-Billing-Prozesses k\u00f6nnen bereits in der Basisversion der Plattform Schleupen.CS dynamische Stromtarife \nabgerechnet werden. <\/p>\n<\/div>\n<\/div>\n<\/div>\n<\/div>\n<\/section>\n\n<section id=\"layer6\" class=\"dolly-layer\">\n<div class=\"layer-wrapper\">\n<div id=\"visibility-z-index\" class=\"fullscreen flex-center\">\n<div class=\"text-card gradient\">\n<div class=\"text-card-content\">\n<h3 class=\"headline margin-big-top margin-mid-bottom\">Regulatorik effizient und fristgerecht umsetzen<\/h3>\n<p class=\"copy margin-mid-bottom\">Des Weiteren wurde eine L\u00f6sung geschaffen, um die reduzierten Netzentgelte nach \u00a714a EnWG darzustellen. Diese werden als Gegenleistung f\u00fcr das Dimmen steuerbarer Verbrauchseinrichtungen gew\u00e4hrt. Die L\u00f6sung stellt beide Reduzierungsmodule zur Verf\u00fcgung, sowohl per Pauschalbetrag als auch die 60-prozentige Reduzierung des Arbeitspreises. \n<br><br>\nBei der Umstellung der Marktkommunikation in der Gassparte auf das neue, verschl\u00fcsselte AS4-Protokoll konnte die Schleupen SE nahtlos an die guten Erfahrungen in der Stromsparte ankn\u00fcpfen. Die Umstellung verlief f\u00fcr die Nutzer von Schleupen.Connect AS4 Gas reibungslos. Des Weiteren wurde die Plattform Schleupen.CS in die Lage versetzt, elektronische Rechnungen nach dem Standard XRechnung zu erzeugen. Somit k\u00f6nnen ihre Nutzer die Vorgaben des Wachstumschancengesetzes vom 28.03.2024 f\u00fcr die Rechnungsstellung zwischen B2B- und B2G-Bereich erf\u00fcllen.\n<\/p>\n<\/div>\n<\/div>\n<\/div>\n<\/div>\n<\/section>\n\n\n<section id=\"layer7\" class=\"dolly-layer\">\n<div class=\"layer-wrapper flex-center\">\n<div class=\"layer-wrapper\">\n<div class=\"fullscreen flex-center\">\n<div id=\"quote2\" class=\"transparent-quote left\" style=\"top: -10%; left: -5%;\">\n<div id=\"quote-christoph-content\" class=\"quote-content\">\n<h3 class=\"\">Moderne Softwaretechnologie ist f\u00fcr uns kein Selbstzweck, sondern hilft uns, ganz konkrete Probleme zu l\u00f6sen.<\/h3>\n<div class=\"quote2-name\">\n<p class=\"quote-small\">Christoph Pack<\/p><p class=\"quote-small font-regular font-italic\">Direktor Softwarentwicklung<\/p>\n<\/div>\n<\/div>\n<\/div>\n<\/div>\n<\/div>\n<\/section>\n\n\n<section id=\"layer8\" class=\"dolly-layer\">\n<div class=\"layer-wrapper\">\n<div id=\"visibility-z-index\" class=\"fullscreen flex-center\">\n<div class=\"text-card gradient\">\n<div class=\"text-card-content\">\n<h3 class=\"headline margin-big-top margin-mid-bottom\">Fr\u00fchzeitig vorbereitet auf den 24h-Lieferantenwechsel<\/h3>\n<p class=\"copy margin-mid-bottom\">Der 24h-Lieferantenwechsel wird zwar erst zum 06.06.2025 Pflicht, ist aber ein Projekt, das vom Umfang viele andere regulatorische Projekte \u00fcbertrifft. Innerhalb der Software muss an sehr vielen Stellen neu entwickelt werden. Damit rechtzeitig zum Stichtag ein leistungsf\u00e4higes und ausreichend getestetes Produkt zur Verf\u00fcgung steht, lief die Entwicklung bereits im Jahr 2024 auf Hochtouren. \n<br><br>\nF\u00fcr den 24h-Lieferantenwechsel wird ebenfalls ein neuer Prozess zur Identifizierung der Marktlokationen (MaLo) eingef\u00fchrt, der gem\u00e4\u00df den Vorgaben der Bundesnetzagentur \u00fcber API-Webdienste realisiert werden muss. Die Schleupen SE bietet mit Schleupen.Connect Web-API ein umfassendes Komplettpaket zur Einrichtung und zum Betrieb dieses Kommunikationsweges an. Die L\u00f6sung beinhaltet nicht nur die notwendigen Zertifikate der Smart-Meter-PKI, sondern auch die Bereitstellung eines Verzeichnisdienstes sowie einer Web-API zur Identifikation der MaLo. Dieses Angebot richtet sich sowohl an Nutzer der Plattform Schleupen.CS als auch an alle anderen Stromversorger \u2013 unabh\u00e4ngig vom genutzten Abrechnungssystem.\n<\/p>\n<\/div>\n<\/div>\n<\/div>\n<\/div>\n<\/section>\n\n\n    <section id=\"layer9\" class=\"dolly-layer\">\n        <div class=\"layer-wrapper fullscreen flex-center\">\n<video class=\"gwa-intro fullscreen\" muted autoplay loop src=\"\/2024\/wp-content\/uploads\/shutterstock_3445173061_1.mp4\"><\/video>\n        <div class=\"text-card gradient headline-visibility\">\n        <div class=\"text-card-content margin-big-top margin-big-bottom\">\n        <div class=\"onpage-nav\">\n        <a href=\"\/2024\/?nav=start-statement-des-vorstandsvorsitzenden\" class=\"btn button-secondary arrow\">zur \u00dcbersicht<\/a>\n        <a href=\"\/2024\/cloud-saas\/\" class=\"btn button-primary arrow\">Cloud &#038; SaaS<\/a>\n        <\/div>\n        <\/div>\n        <\/div>\n        <\/div>\n        <\/section>\n        \n\n<\/div>\n<style>\n\n.on-layer4 .dolly-container,\n.on-layer5 .dolly-container,\n.on-layer6 .dolly-container{\nbackground-image: url(\/2024\/wp-content\/uploads\/gb24_bg_softwareentwicklung_tree_big.jpg);\n}\n\n\n.on-layer3 .dolly-container{\nbackground-image: url(\/2024\/wp-content\/uploads\/gb24_bg_softwareentwicklung_quote-big-1.jpg);\n}\n.on-layer7 .dolly-container{\nbackground-image: url(\/2024\/wp-content\/uploads\/software-small-quote-bg.jpg);\n}\n<\/style>\n<\/div>\n\n\n\n<div id=\"dolly-container-mobile\" class=\"dolly-container\">\n<div class=\"dolly-wrap\">\n\n\n<section id=\"layer1\" class=\"dolly-layer\">\n<img decoding=\"async\" src=\"\/2024\/wp-content\/uploads\/gb24_bg_softwareentwicklung_tree_big.jpg\" style=\"position: absolute; width: 0; height: 0; opacity: 0;\">\n<img decoding=\"async\" src=\"\/2024\/wp-content\/uploads\/gb24_bg_softwareentwicklung_quote-big-1.jpg\" style=\"position: absolute; width: 0; height: 0; opacity: 0;\">\n<img decoding=\"async\" src=\"\/2024\/wp-content\/uploads\/gb24_bg_softwareentwicklung_quote2.jpg\" style=\"position: absolute; width: 0; height: 0; opacity: 0;\">\n    <div id=\"skip\" class=\"dolly-navigation\" onclick=\"triggerClick()\" style=\"position: absolute; width: 0; height: 0; opacity: 0;\">\n    <div id=\"skip-trigger\" data-anchor=\"layer2\" class=\"dolly-anchor underline active-anchor\"><\/div>\n    <\/div>\n    <\/section>\n\n\n<section id=\"layer2\" class=\"dolly-layer\">\n<div class=\"layer-wrapper flex-center\">\n<video class=\"gwa-intro fullscreen\" muted autoplay loop src=\"\/2024\/wp-content\/uploads\/shutterstock_3445173061_1.mp4\"><\/video>\n<div class=\"fullscreen content-wrapper flex-center gwa-content1\">\n<div class=\"text-content flex-center headline-visibility\">\n<h3 class=\"underline chapter margin-mid-bottom\">Softwareentwicklung<\/h3>\n<p class=\"headline-big\">Technologien weiterdenken, um Effizienz und Flexibilit\u00e4t weiter zu steigern<\/p>\n<\/div>\n<\/div>\n<\/div>\n<\/section>\n\n<section id=\"layer3\" class=\"dolly-layer\">\n<div class=\"layer-wrapper\">\n<div class=\"fullscreen content-wrapper flex-center\">\n<div class=\"quote-content\">\n<h2 class=\"quote-big margin-mid-bottom\">Wir halten die Dinge im Fluss \u2013 \nein flexibles Abrechnungssystem mit integriertem Messwertmanagement macht das m\u00f6glich. Wir nennen das Continuous Billing.<\/h2>\n<p class=\"quote-small\">Christoph Pack<\/p>\n<p class=\"quote-small font-regular font-italic\">Direktor Softwareentwicklung<\/p>\n<\/div>\n<img decoding=\"async\" src=\"\/2024\/wp-content\/uploads\/20250226_Schleupen_M03_Pack_GB_494-5_pop02.png\" class=\"quote-img\">\n<\/div>\n<\/div>\n<\/section>\n\n\n<section id=\"layer4\" class=\"dolly-layer\">\n<div class=\"layer-wrapper\">\n<div id=\"visibility-z-index\" class=\"fullscreen flex-center\">\n<div class=\"text-card gradient\">\n<div class=\"text-card-content\">\n<h3 class=\"headline margin-big-top margin-mid-bottom\">Heute den Vorsprung von morgen entwickeln<\/h3>\n<p class=\"copy margin-big-bottom\">Die Softwareentwicklung arbeitet Tag f\u00fcr Tag daran, die effizienteste und beste Plattform Schleupen.CS, die es je gab, noch besser zu machen. Zus\u00e4tzlich wurden im letzten Jahr fristgerecht L\u00f6sungen f\u00fcr die aktuellen regulatorischen Herausforderungen entwickelt und wichtige Features f\u00fcr die Billing-Prozesse von morgen programmiert.<\/p>\n<\/div>\n<\/div>\n<\/div>\n<\/div>\n<\/section>\n\n<section id=\"layer5\" class=\"dolly-layer\">\n<div class=\"layer-wrapper\">\n<div id=\"visibility-z-index\" class=\"fullscreen flex-center\">\n<div class=\"text-card gradient\">\n<div class=\"text-card-content\">\n<h3 class=\"headline margin-big-top margin-mid-bottom\">Continuous Billing: <br>Heute dynamische Tarife mit dem Billing von morgen verarbeiten<\/h3>\n<p class=\"copy margin-big-bottom\">Besonders hervorzuheben ist die weitere Perfektionierung des innovativen Continuous Billing \u2013 beispielsweise durch die Entwicklung von Preislisten. Diese erm\u00f6glichen \u00fcberregional vertriebsorientierten Unternehmen die einfache Verwaltung einer Vielzahl von Preisen und ihrer Geltungsdauer. Auf der anderen Seite wurde eine M\u00f6glichkeit realisiert, die Day-Ahead-Preise an der europ\u00e4ischen Stromb\u00f6rse EPEX \u00fcber einen Web-Service des Schleupen-Partners GET AG zu importieren. In Verbindung mit der zeitreihenbasierten Abrechnung des Continuous-Billing-Prozesses k\u00f6nnen bereits in der Basisversion der Plattform Schleupen.CS dynamische Stromtarife \nabgerechnet werden. <\/p>\n<\/div>\n<\/div>\n<\/div>\n<\/div>\n<\/section>\n\n<section id=\"layer6\" class=\"dolly-layer\">\n<div class=\"layer-wrapper\">\n<div id=\"visibility-z-index\" class=\"fullscreen flex-center\">\n<div class=\"text-card gradient\">\n<div class=\"text-card-content\">\n<h3 class=\"headline margin-big-top margin-mid-bottom\">Regulatorik effizient und fristgerecht umsetzen<\/h3>\n<p class=\"copy margin-big-bottom\">Des Weiteren wurde eine L\u00f6sung geschaffen, um die reduzierten Netzentgelte nach \u00a714a EnWG darzustellen. Diese werden als Gegenleistung f\u00fcr das Dimmen steuerbarer Verbrauchseinrichtungen gew\u00e4hrt. Die L\u00f6sung stellt beide Reduzierungsmodule zur Verf\u00fcgung, sowohl per Pauschalbetrag als auch die 60-prozentige Reduzierung des Arbeitspreises. &#8230;\n\n<\/p>\n<\/div>\n<\/div>\n<\/div>\n<\/div>\n<\/section>\n\n<section id=\"layer7\" class=\"dolly-layer\">\n<div class=\"layer-wrapper\">\n<div id=\"visibility-z-index\" class=\"fullscreen flex-center\">\n<div class=\"text-card gradient\">\n<div class=\"text-card-content\">\n<h3 class=\"headline margin-big-top margin-mid-bottom\">Regulatorik effizient und fristgerecht umsetzen<\/h3>\n<p class=\"copy margin-big-bottom\">\n&#8230; Bei der Umstellung der Marktkommunikation in der Gassparte auf das neue, verschl\u00fcsselte AS4-Protokoll konnte die Schleupen SE nahtlos an die guten Erfahrungen in der Stromsparte ankn\u00fcpfen. Die Umstellung verlief f\u00fcr die Nutzer von Schleupen.Connect AS4 Gas reibungslos. Des Weiteren wurde die Plattform Schleupen.CS in die Lage versetzt, elektronische Rechnungen nach dem Standard XRechnung zu erzeugen. Somit k\u00f6nnen ihre Nutzer die Vorgaben des Wachstumschancengesetzes vom 28.03.2024 f\u00fcr die Rechnungsstellung zwischen B2B- und B2G-Bereich erf\u00fcllen.\n<\/p>\n<\/div>\n<\/div>\n<\/div>\n<\/div>\n<\/section>\n\n<section id=\"layer8\" class=\"dolly-layer\">\n<div class=\"layer-wrapper flex-center\">\n<div class=\"layer-wrapper\">\n<div class=\"fullscreen flex-center\">\n<div id=\"quote2\" class=\"transparent-quote left\" style=\"top: -5%; left: -5%;\">\n<div id=\"quote-christoph-content\" class=\"quote-content\">\n<h3 class=\"\">Moderne Softwaretechnologie ist f\u00fcr uns kein Selbstzweck, sondern hilft uns, ganz konkrete Probleme zu l\u00f6sen.<\/h3>\n<div class=\"quote2-name\">\n<p class=\"quote-small\">Christoph Pack<\/p><p class=\"quote-small font-regular font-italic\">Direktor Softwarentwicklung<\/p>\n<\/div>\n<\/div>\n<\/div>\n<\/div>\n<\/div>\n<\/section>\n\n\n<section id=\"layer9\" class=\"dolly-layer\">\n<div class=\"layer-wrapper\">\n<div id=\"visibility-z-index\" class=\"fullscreen flex-center\">\n<div class=\"text-card gradient\">\n<div class=\"text-card-content\">\n<h3 class=\"headline margin-big-top margin-big-bottom\">Fr\u00fchzeitig vorbereitet auf den 24h-Lieferantenwechsel<\/h3>\n<p class=\"copy margin-mid-bottom\">Der 24h-Lieferantenwechsel wird zwar erst zum 06.06.2025 Pflicht, ist aber ein Projekt, das vom Umfang viele andere regulatorische Projekte \u00fcbertrifft. Innerhalb der Software muss an sehr vielen Stellen neu entwickelt werden. Damit rechtzeitig zum Stichtag ein leistungsf\u00e4higes und ausreichend getestetes Produkt zur Verf\u00fcgung steht, lief die Entwicklung bereits im Jahr 2024 auf Hochtouren. &#8230;\n<\/p>\n<\/div>\n<\/div>\n<\/div>\n<\/div>\n<\/section>\n\n<section id=\"layer10\" class=\"dolly-layer\">\n<div class=\"layer-wrapper\">\n<div id=\"visibility-z-index\" class=\"fullscreen flex-center\">\n<div class=\"text-card gradient\">\n<div class=\"text-card-content\">\n<h3 class=\"headline margin-big-top margin-mid-bottom\">Fr\u00fchzeitig vorbereitet auf den 24h-Lieferantenwechsel<\/h3>\n<p class=\"copy margin-big-bottom\">\n&#8230; F\u00fcr den 24h-Lieferantenwechsel wird ebenfalls ein neuer Prozess zur Identifizierung der Marktlokationen (MaLo) eingef\u00fchrt, der gem\u00e4\u00df den Vorgaben der Bundesnetzagentur \u00fcber API-Webdienste realisiert werden muss. Die Schleupen SE bietet mit Schleupen.Connect Web-API ein umfassendes Komplettpaket zur Einrichtung und zum Betrieb dieses Kommunikationsweges an. Die L\u00f6sung beinhaltet nicht nur die notwendigen Zertifikate der Smart-Meter-PKI, sondern auch die Bereitstellung eines Verzeichnisdienstes sowie einer Web-API zur Identifikation der MaLo. Dieses Angebot richtet sich sowohl an Nutzer der Plattform Schleupen.CS als auch an alle anderen Stromversorger \u2013 unabh\u00e4ngig vom genutzten Abrechnungssystem.\n<\/p>\n<\/div>\n<\/div>\n<\/div>\n<\/div>\n<\/section>\n\n    <section id=\"layer11\" class=\"dolly-layer\">\n        <div class=\"layer-wrapper fullscreen flex-center\">\n<video class=\"gwa-intro fullscreen\" muted autoplay loop src=\"\/2024\/wp-content\/uploads\/shutterstock_3445173061_1.mp4\"><\/video>\n        <div class=\"text-card gradient headline-visibility\">\n        <div class=\"text-card-content margin-big-top margin-big-bottom\">\n        <div class=\"onpage-nav\">\n        <a href=\"\/2024\/?nav=start-statement-des-vorstandsvorsitzenden\" class=\"btn button-secondary arrow\">zur \u00dcbersicht<\/a>\n        <a href=\"\/2024\/cloud-saas\/\" class=\"btn button-primary arrow\">Cloud &#038; SaaS<\/a>\n        <\/div>\n        <\/div>\n        <\/div>\n        <\/div>\n        <\/section>\n        \n\n<\/div>\n<style>\n\n.on-layer4 .dolly-container,\n.on-layer5 .dolly-container,\n.on-layer6 .dolly-container,\n.on-layer7 .dolly-container{\nbackground-image: url(\/2024\/wp-content\/uploads\/gb24_bg_softwareentwicklung_tree_big.jpg);\n}\n\n\n.on-layer3 .dolly-container{\nbackground-image: url(\/2024\/wp-content\/uploads\/gb24_bg_softwareentwicklung_quote-big-1.jpg);\n}\n.on-layer8 .dolly-container{\nbackground-image: url(\/2024\/wp-content\/uploads\/software-small-quote-bg.jpg);\n}\n<\/style>\n<\/div>\n\n\n\n<style>\n\n.quote2-name {\n    display: flex\n;\n    flex-direction: column;\n    position: absolute;\n    top: 121%;\n}\n\n.headline-visibility {\nposition:relative;\n}\n\n#quote-christoph-content {\nmargin-left:0;\n}\n\n\n#quote2:after {\n    position: absolute;\n    content: \"\";\n    width: 47vw;\n    height: 54vw;\n    transform: translate(87%, -58%);\n    background-image: url(\/2024\/wp-content\/uploads\/20250226_Schleupen_M03_Pack_GB_654_pop02-1.png);\n    background-size: contain;\n    background-repeat: no-repeat;\n}\n\n\n#visibility-z-index {\nz-index:1;\n}\n\n#z-index-image {\nz-index:2;\n}\n\n.gwa-intro {\nposition:absolute;\nwidth:100%;\nz-index:0;\n}\n\n\n\n\n\n\n\n\n<\/style>\n\n\n\n<style>\n\n@media(max-width:1024px) {\n\n    .quote-content {\n        width: 50%;\ntop:5%;\n}\n\n    #quote2:after {\n        position: absolute;\n        content: \"\";\n        width: 43vw;\n        height: 59vw;\n        transform: translate(132%, -52%);\n        background-image: url(\/2024\/wp-content\/uploads\/20250226_Schleupen_M03_Pack_GB_654_pop02-1.png);\n        background-size: contain;\n    }\n\n}\n\n<\/style>\n","protected":false},"excerpt":{"rendered":"<p>Softwareentwicklung Technologien weiterdenken, um Effizienz und Flexibilit\u00e4t weiter zu steigern Wir halten die Dinge im Fluss \u2013 ein flexibles Abrechnungssystem mit integriertem Messwertmanagement macht das m\u00f6glich. Wir nennen das Continuous Billing. Christoph Pack Direktor Softwareentwicklung Heute den Vorsprung von morgen entwickeln Die Softwareentwicklung arbeitet Tag f\u00fcr Tag daran, die effizienteste und beste Plattform Schleupen.CS, die&hellip; <a class=\"more-link\" href=\"https:\/\/schleupen-geschaeftsbericht.de\/2024\/softwareentwicklung\/\"><span class=\"screen-reader-text\">Softwareentwicklung<\/span> weiterlesen<\/a><\/p>\n","protected":false},"author":2,"featured_media":0,"parent":0,"menu_order":0,"comment_status":"closed","ping_status":"closed","template":"","meta":{"_acf_changed":false,"footnotes":""},"class_list":["post-650","page","type-page","status-publish","hentry","entry"],"acf":[],"_links":{"self":[{"href":"https:\/\/schleupen-geschaeftsbericht.de\/2024\/wp-json\/wp\/v2\/pages\/650","targetHints":{"allow":["GET"]}}],"collection":[{"href":"https:\/\/schleupen-geschaeftsbericht.de\/2024\/wp-json\/wp\/v2\/pages"}],"about":[{"href":"https:\/\/schleupen-geschaeftsbericht.de\/2024\/wp-json\/wp\/v2\/types\/page"}],"author":[{"embeddable":true,"href":"https:\/\/schleupen-geschaeftsbericht.de\/2024\/wp-json\/wp\/v2\/users\/2"}],"replies":[{"embeddable":true,"href":"https:\/\/schleupen-geschaeftsbericht.de\/2024\/wp-json\/wp\/v2\/comments?post=650"}],"version-history":[{"count":140,"href":"https:\/\/schleupen-geschaeftsbericht.de\/2024\/wp-json\/wp\/v2\/pages\/650\/revisions"}],"predecessor-version":[{"id":3212,"href":"https:\/\/schleupen-geschaeftsbericht.de\/2024\/wp-json\/wp\/v2\/pages\/650\/revisions\/3212"}],"wp:attachment":[{"href":"https:\/\/schleupen-geschaeftsbericht.de\/2024\/wp-json\/wp\/v2\/media?parent=650"}],"curies":[{"name":"wp","href":"https:\/\/api.w.org\/{rel}","templated":true}]}}