{"id":74,"date":"2025-03-17T15:57:35","date_gmt":"2025-03-17T14:57:35","guid":{"rendered":"https:\/\/gb25.valyu-stage.de\/?page_id=74"},"modified":"2026-05-11T13:39:28","modified_gmt":"2026-05-11T11:39:28","slug":"projekte","status":"publish","type":"page","link":"https:\/\/schleupen-geschaeftsbericht.de\/2024\/projekte\/","title":{"rendered":"Projekte"},"content":{"rendered":"\n<div id=\"dolly-container\" class=\"dolly-container\">\n<div class=\"dolly-wrap\">\n<section id=\"layer1\" class=\"dolly-layer\">\n <div id=\"skip\" class=\"dolly-navigation\" onclick=\"triggerClick()\" style=\"position: absolute; width: 0; height: 0; opacity: 0;\">\n<div id=\"skip-trigger\" data-anchor=\"layer2\" class=\"dolly-anchor underline\"><\/div>\n<\/section>\n<section id=\"layer2\" class=\"dolly-layer\">\n<div class=\"layer-wrapper\">\n<div class=\"fullscreen content-wrapper flex-center\">\n<video class=\"gwa-intro fullscreen\" muted autoplay loop src=\"\/2024\/wp-content\/uploads\/iStock-2194908942-1.mp4\"><\/video>\n<div class=\"text-content flex-center\" style=\"position: relative;\">\n<h2 class=\"underline chapter margin-mid-bottom\">Projekte<\/h2>\n<p class=\"headline-big\">Prozesse immer weiter verbessern, damit komplexe Projekte erfolgreich abgeschlossen werden<\/p>\n<\/div>\n<\/div>\n<\/div>\n<\/section>\n<section id=\"layer3\" class=\"dolly-layer\">\n<div class=\"layer-wrapper\">\n<div class=\"fullscreen content-wrapper flex-center\">\n<div class=\"quote-content\">\n<h2 class=\"quote-big margin-mid-bottom\">Standardisierung und kluge K\u00f6pfe sind Basis unserer erfolgreichen Projekte.<\/h2>\n<p class=\"quote-small\">Hagen F\u00f6rster<\/p>\n<p class=\"quote-small font-regular font-italic\">Direktor Consulting<\/p>\n<\/div>\n<img decoding=\"async\" src=\"\/2024\/wp-content\/uploads\/20250227_Schleupen_M04_Foerster_GB_729_pop03.png\" class=\"quote-img\">\n<\/div>\n<\/div>\n<\/section>\n<section id=\"layer4\" class=\"dolly-layer\">\n<div class=\"layer-wrapper\">\n<div class=\"fullscreen flex-center\">\n<div class=\"text-card gradient\">\n<div class=\"text-card-content\">\n<h3 class=\"headline margin-big-top margin-mid-bottom\">Gro\u00dfe Fortschritte \nbei gro\u00dfen Projekten<\/h3>\n<p class=\"copy margin-big-bottom\">Die Einf\u00fchrung einer Kundenbetreuungs- und Abrechnungsplattform bei der RheinEnergie AG ist eines der umfangreichsten und am meisten beachteten Projekte der Schleupen SE. Bei dem Projekt, das unter anderem die Integration des weltweit f\u00fchrenden CRM-Systems Salesforce und KI-Komponenten umfasst, agiert die Schleupen SE als Generalunternehmer. Das Projekt macht gute Fortschritte und erste Meilensteine wurden z\u00fcgig erreicht. Beispielsweise konnte bereits nach wenigen Monaten der erste Liefervertrag angelegt werden. Bereits im ersten Quartal 2025 werden Neukunden im neuen System abgerechnet.\n<br><br>\nDer Nutzen des Projekts geht weit \u00fcber die finanzielle Dimension hinaus, denn die Schleupen SE gewinnt auch fachlichen Input durch die RheinEnergie. Dadurch w\u00e4chst die Wettbewerbsf\u00e4higkeit der Plattform Schleupen.CS erheblich.\n<\/p>\n<\/div>\n<\/div>\n<\/div>\n<\/div>\n<\/section>\n<section id=\"layer5\" class=\"dolly-layer\">\n<div class=\"layer-wrapper\">\n<div class=\"fullscreen flex-center\">\n<div class=\"text-card gradient\">\n<div class=\"text-card-content\">\n<h3 class=\"headline margin-big-top margin-mid-bottom\">Wachsende Zahl von \nRegulatorikprojekten umgesetzt<\/h3>\n<p class=\"copy margin-big-bottom\">Die Umsetzung neuer regulatorischer Anforderungen f\u00fchrt zu einem weiteren Anwachsen des Projektgesch\u00e4fts. Hervorzuheben sind f\u00fcr das Jahr 2024 insbesondere die Einf\u00fchrung des AS4-Protokolls f\u00fcr die Sparte Gas, die Einf\u00fchrung dynamischer Stromtarife und die Einf\u00fchrung der neuen L\u00f6sung f\u00fcr den Messstellenbetrieb, die erstmals komplett in der neuen Schleupen.CS 3.0-Technologie entwickelt wurden. \n<br><br>\nDes Weiteren wurde ein regulatorisches Gro\u00dfprojekt erfolgreich abgeschlossen: Alle Kunden der Schleupen SE sind komplett entflochten. \n<\/p>\n<\/div>\n<\/div>\n<\/div>\n<\/div>\n<\/section>\n<section id=\"layer6\" class=\"dolly-layer\">\n<div class=\"layer-wrapper\">\n<div class=\"fullscreen flex-center\">\n<div class=\"text-card gradient\">\n<div class=\"text-card-content\">\n<h3 class=\"headline margin-big-top margin-mid-bottom\">Strategien f\u00fcr wachsende Komplexit\u00e4t entwickeln<\/h3>\n<p class=\"copy margin-big-bottom\">Das st\u00e4ndige Wachsen der Projekte ver\u00e4ndert die Arbeit der Schleupen SE. Zum einen muss sich der Dienstleistungsbereich immer besser auf die st\u00e4rkere Arbeitsteiligkeit einstellen, die sich aus regulatorischer Komplexit\u00e4t und Projektgr\u00f6\u00dfe zwangsl\u00e4ufig ergibt. Zum anderen wird die Einbindung von Partnern immer wichtiger, um die n\u00f6tigen Kapazit\u00e4ten vorhalten zu k\u00f6nnen. Hier ist insbesondere die adesso SE zu nennen, die sich immer tiefer in die Plattform Schleupen.CS einarbeitet. So entwickelt sich das Unternehmen immer weiter zu einem unverzichtbaren Premium-Implementierungspartner.\n<br><br>\nZum Dritten hilft der Schleupen SE, dass im Allgemeinen Standardprozesse ausgerollt werden, die dann den individuellen Erfordernissen angepasst werden. Dadurch wird die Effizienz der Rollout-Prozeduren erheblich gesteigert.\n<\/p>\n<\/div>\n<\/div>\n<\/div>\n<\/div>\n<\/section>\n<section id=\"layer7\" class=\"dolly-layer\">\n<div class=\"layer-wrapper\">\n<div id=\"position-left\" class=\"fullscreen flex-center\">\n<div id=\"quote2\" class=\"transparent-quote right\" style=\"top: -10%; left: 5%;\">\n<div class=\"quote-content\">\n<h3 class=\"\">Wachstum bedeutet auch, Lieferf\u00e4higkeit durch Partner zu erweitern.<\/h3>\n<div class=\"quote2-name\">\n<p class=\"quote-small\">Hagen F\u00f6rster<\/p><p class=\"quote-small font-regular font-italic\">Direktor Consulting<\/p>\n<\/div>\n\n<\/div>\n<\/div>\n<\/div>\n<\/section>\n<section id=\"layer8\" class=\"dolly-layer\">\n<div class=\"layer-wrapper\">\n<div class=\"fullscreen flex-center\">\n<div class=\"text-card gradient\">\n<div class=\"text-card-content\">\n<h3 class=\"headline margin-big-top margin-mid-bottom\">Nutzer weiterbringen \ndurch Weiterbildung <\/h3>\n<p class=\"copy margin-big-bottom\">Neben der Implementierung neuer L\u00f6sungen hat die Wissensvermittlung und Weiterbildung der Nutzer der Plattform Schleupen.CS eine gro\u00dfe Bedeutung. Die Schleupen.Akademie entwickelt sich gerade f\u00fcr viele Neu- und Quereinsteiger bei den Stadtwerken zu einer wichtigen Informationsquelle, um sich einen grunds\u00e4tzlichen \u00dcberblick \u00fcber die Prozesse zu verschaffen. Daneben hilft sie mit eLearning- und Pr\u00e4senzveranstaltungen auch versierten Mitarbeitenden bei den Stadtwerken, schnell in neuen Prozessen heimisch zu werden. <\/p>\n<\/div>\n<\/div>\n<\/div>\n<\/div>\n<\/section>\n<section id=\"layer9\" class=\"dolly-layer\">\n<div class=\"layer-wrapper fullscreen flex-center\">\n<video class=\"gwa-intro fullscreen\" muted autoplay loop src=\"\/2024\/wp-content\/uploads\/iStock-2194908942-1.mp4\" ><\/video>\n<div class=\"text-card gradient\" style=\"position: absolute;\">\n<div class=\"text-card-content margin-big-top margin-big-bottom \">\n<div class=\"onpage-nav\">\n<a href=\"\/2024\/?nav=start-statement-des-vorstandsvorsitzenden\" class=\"btn button-secondary arrow\">zur \u00dcbersicht<\/a>\n<a href=\"\/2024\/kundenservice\/\" class=\"btn button-primary arrow\">Kundenservice<\/a>\n<\/div>\n<\/div>\n<\/div>\n<\/div>\n<\/section>\n<\/div>\n<\/div>\n\n\n\n<div id=\"dolly-container-mobile\" class=\"dolly-container\">\n<div class=\"dolly-wrap\">\n<section id=\"layer1\" class=\"dolly-layer\">\n <div id=\"skip\" class=\"dolly-navigation\" onclick=\"triggerClick()\" style=\"position: absolute; width: 0; height: 0; opacity: 0;\">\n<div id=\"skip-trigger\" data-anchor=\"layer2\" class=\"dolly-anchor underline\"><\/div>\n<\/section>\n<section id=\"layer2\" class=\"dolly-layer\">\n<div class=\"layer-wrapper\">\n<div class=\"fullscreen content-wrapper flex-center\">\n<video class=\"gwa-intro fullscreen\" muted autoplay loop src=\"\/2024\/wp-content\/uploads\/iStock-2194908942-1.mp4\"><\/video>\n<div class=\"text-content flex-center\" style=\"position: relative;\">\n<h2 class=\"underline chapter margin-mid-bottom\">Projekte<\/h2>\n<p class=\"headline-big\">Prozesse immer weiter verbessern, damit komplexe Projekte erfolgreich abgeschlossen werden<\/p>\n<\/div>\n<\/div>\n<\/div>\n<\/section>\n<section id=\"layer3\" class=\"dolly-layer\">\n<div class=\"layer-wrapper\">\n<div class=\"fullscreen content-wrapper flex-center\">\n<div class=\"quote-content\">\n<h2 class=\"quote-big margin-mid-bottom\">Standardisierung und kluge K\u00f6pfe sind Basis unserer erfolgreichen Projekte.<\/h2>\n<p class=\"quote-small\">Hagen F\u00f6rster<\/p>\n<p class=\"quote-small font-regular font-italic\">Direktor Consulting<\/p>\n<\/div>\n<img decoding=\"async\" src=\"\/2024\/wp-content\/uploads\/hagen-foerster-zitat-1.png\" class=\"quote-img\">\n<\/div>\n<\/div>\n<\/section>\n<section id=\"layer4\" class=\"dolly-layer\">\n<div class=\"layer-wrapper\">\n<div class=\"fullscreen flex-center\">\n<div class=\"text-card gradient\">\n<div class=\"text-card-content\">\n<h3 class=\"headline margin-big-top margin-mid-bottom\">Gro\u00dfe Fortschritte \nbei gro\u00dfen Projekten<\/h3>\n<p class=\"copy margin-big-bottom\">Die Einf\u00fchrung einer Kundenbetreuungs- und Abrechnungsplattform bei der RheinEnergie AG ist eines der umfangreichsten und am meisten beachteten Projekte der Schleupen SE. Bei dem Projekt, das unter anderem die Integration des weltweit f\u00fchrenden CRM-Systems Salesforce und KI-Komponenten umfasst, agiert die Schleupen SE als Generalunternehmer. Das Projekt macht gute Fortschritte und erste Meilensteine wurden z\u00fcgig erreicht. Beispielsweise konnte bereits nach wenigen Monaten der erste Liefervertrag angelegt werden. Bereits im ersten Quartal 2025 werden Neukunden im neuen System abgerechnet.\n<br><br>\nDer Nutzen des Projekts geht weit \u00fcber die finanzielle Dimension hinaus, denn die Schleupen SE gewinnt auch fachlichen Input durch die RheinEnergie. Dadurch w\u00e4chst die Wettbewerbsf\u00e4higkeit der Plattform Schleupen.CS erheblich.\n<\/p>\n<\/div>\n<\/div>\n<\/div>\n<\/div>\n<\/section>\n<section id=\"layer5\" class=\"dolly-layer\">\n<div class=\"layer-wrapper\">\n<div class=\"fullscreen flex-center\">\n<div class=\"text-card gradient\">\n<div class=\"text-card-content\">\n<h3 class=\"headline margin-big-top margin-mid-bottom\">Wachsende Zahl von \nRegulatorikprojekten umgesetzt<\/h3>\n<p class=\"copy margin-big-bottom\">Die Umsetzung neuer regulatorischer Anforderungen f\u00fchrt zu einem weiteren Anwachsen des Projektgesch\u00e4fts. Hervorzuheben sind f\u00fcr das Jahr 2024 insbesondere die Einf\u00fchrung des AS4-Protokolls f\u00fcr die Sparte Gas, die Einf\u00fchrung dynamischer Stromtarife und die Einf\u00fchrung der neuen L\u00f6sung f\u00fcr den Messstellenbetrieb, die erstmals komplett in der neuen Schleupen.CS 3.0-Technologie entwickelt wurden. \n<br><br>\nDes Weiteren wurde ein regulatorisches Gro\u00dfprojekt erfolgreich abgeschlossen: Alle Kunden der Schleupen SE sind komplett entflochten. \n<\/p>\n<\/div>\n<\/div>\n<\/div>\n<\/div>\n<\/section>\n<section id=\"layer6\" class=\"dolly-layer\">\n<div class=\"layer-wrapper\">\n<div class=\"fullscreen flex-center\">\n<div class=\"text-card gradient\">\n<div class=\"text-card-content\">\n<h3 class=\"headline margin-big-top margin-mid-bottom\">Strategien f\u00fcr wachsende Komplexit\u00e4t entwickeln<\/h3>\n<p class=\"copy margin-big-bottom\">Das st\u00e4ndige Wachsen der Projekte ver\u00e4ndert die Arbeit der Schleupen SE. Zum einen muss sich der Dienstleistungsbereich immer besser auf die st\u00e4rkere Arbeitsteiligkeit einstellen, die sich aus regulatorischer Komplexit\u00e4t und Projektgr\u00f6\u00dfe zwangsl\u00e4ufig ergibt. Zum anderen wird die Einbindung von Partnern immer wichtiger, um die n\u00f6tigen Kapazit\u00e4ten vorhalten zu k\u00f6nnen. Hier ist insbesondere die adesso SE zu nennen, die sich immer tiefer in die Plattform Schleupen.CS einarbeitet. So entwickelt sich das Unternehmen immer weiter zu einem unverzichtbaren Premium-Implementierungspartner.\n<br><br>\nZum Dritten hilft der Schleupen SE, dass im Allgemeinen Standardprozesse ausgerollt werden, die dann den individuellen Erfordernissen angepasst werden. Dadurch wird die Effizienz der Rollout-Prozeduren erheblich gesteigert.\n<\/p>\n<\/div>\n<\/div>\n<\/div>\n<\/div>\n<\/section>\n<section id=\"layer7\" class=\"dolly-layer\">\n<div class=\"layer-wrapper\">\n<div id=\"position-left\" class=\"fullscreen flex-center\">\n<div id=\"quote2\" class=\"transparent-quote right\" style=\"top: -10%; left: 5%;\">\n<div class=\"quote-content\">\n<h3 class=\"\">Wachstum bedeutet auch, Lieferf\u00e4higkeit durch Partner zu erweitern.<\/h3>\n<div class=\"quote2-name\">\n<p class=\"quote-small\">Hagen F\u00f6rster<\/p><p class=\"quote-small font-regular font-italic\">Direktor Consulting<\/p>\n<\/div>\n\n<\/div>\n<\/div>\n<\/div>\n<\/section>\n<section id=\"layer8\" class=\"dolly-layer\">\n<div class=\"layer-wrapper\">\n<div class=\"fullscreen flex-center\">\n<div class=\"text-card gradient\">\n<div class=\"text-card-content\">\n<h3 class=\"headline margin-big-top margin-mid-bottom\">Nutzer weiterbringen \ndurch Weiterbildung <\/h3>\n<p class=\"copy margin-big-bottom\">Neben der Implementierung neuer L\u00f6sungen hat die Wissensvermittlung und Weiterbildung der Nutzer der Plattform Schleupen.CS eine gro\u00dfe Bedeutung. Die Schleupen.Akademie entwickelt sich gerade f\u00fcr viele Neu- und Quereinsteiger bei den Stadtwerken zu einer wichtigen Informationsquelle, um sich einen grunds\u00e4tzlichen \u00dcberblick \u00fcber die Prozesse zu verschaffen. Daneben hilft sie mit eLearning- und Pr\u00e4senzveranstaltungen auch versierten Mitarbeitenden bei den Stadtwerken, schnell in neuen Prozessen heimisch zu werden. <\/p>\n<\/div>\n<\/div>\n<\/div>\n<\/div>\n<\/section>\n<section id=\"layer9\" class=\"dolly-layer\">\n<div class=\"layer-wrapper fullscreen flex-center\">\n<video class=\"gwa-intro fullscreen\" muted autoplay loop src=\"\/2024\/wp-content\/uploads\/iStock-2194908942-1.mp4\" ><\/video>\n<div class=\"text-card gradient\" style=\"position: absolute;\">\n<div class=\"text-card-content margin-big-top margin-big-bottom \">\n<div class=\"onpage-nav\">\n<a href=\"\/2024\/?nav=start-statement-des-vorstandsvorsitzenden\" class=\"btn button-secondary arrow\">zur \u00dcbersicht<\/a>\n<a href=\"\/2024\/kundenservice\/\" class=\"btn button-primary arrow\">Kundenservice<\/a>\n<\/div>\n<\/div>\n<\/div>\n<\/div>\n<\/section>\n<\/div>\n<\/div>\n\n\n\n<style>\n.on-layer1 .dolly-container,\n.on-layer2 .dolly-container,\n.on-layer9 .dolly-container {\nbackground-image: url(\/2024\/wp-content\/uploads\/projekte-bg.jpg);\n}\n\n.on-layer3 .dolly-container {\nbackground-image: url(\/2024\/wp-content\/uploads\/hg_quote_big_projekte.jpg);\n}\n\n\n.on-layer7 .dolly-container {\nbackground-image: url(\/2024\/wp-content\/uploads\/gb24_bg_background_projekte_quote2.jpg);\n}\n\n#quote2:after {\n    content: \"\";\n    position: absolute;\n    width: 50.843vw;\n    height: 41.041vw;\n    background-image: url(\/2024\/wp-content\/uploads\/20250227_Schleupen_M04_Foerster_GB_678_pop03-1.png);\n    background-size: contain;\n    transform: translate(-50%, -45%);\n    left: -16%;}\n\n.quote2-name {\n    display: flex;\n    flex-direction: column;\n    position: absolute;\n    top: 115%;\n}\n\n.on-layer4 .dolly-container,\n.on-layer5 .dolly-container,\n.on-layer6 .dolly-container,\n.on-layer8 .dolly-container {\nbackground-image: url(\/2024\/wp-content\/uploads\/gb24_bg_background_projekte_textcard.jpg);\n} \n.gwa-intro {\nposition:absolute;\nwidth:100%;\nz-index:0;\n}\n<\/style>\n\n\n\n<style>\n\n@media(max-width: 1024px){\n\n#quote2:after {\n    content: \"\";\n    position: absolute;\n    width: 50.843vw;\n    height: 41.041vw;\n    background-image: url(\/2024\/wp-content\/uploads\/20250227_Schleupen_M04_Foerster_GB_678_pop03-1.png);\n    background-size: contain;\n    transform: translate(-40%, -45%);\n    left: -16%;\n}\n\n\n}\n\n\n<\/style>\n","protected":false},"excerpt":{"rendered":"<p>Projekte Prozesse immer weiter verbessern, damit komplexe Projekte erfolgreich abgeschlossen werden Standardisierung und kluge K\u00f6pfe sind Basis unserer erfolgreichen Projekte. Hagen F\u00f6rster Direktor Consulting Gro\u00dfe Fortschritte bei gro\u00dfen Projekten Die Einf\u00fchrung einer Kundenbetreuungs- und Abrechnungsplattform bei der RheinEnergie AG ist eines der umfangreichsten und am meisten beachteten Projekte der Schleupen SE. Bei dem Projekt, das&hellip; <a class=\"more-link\" href=\"https:\/\/schleupen-geschaeftsbericht.de\/2024\/projekte\/\"><span class=\"screen-reader-text\">Projekte<\/span> weiterlesen<\/a><\/p>\n","protected":false},"author":1,"featured_media":0,"parent":0,"menu_order":0,"comment_status":"closed","ping_status":"closed","template":"","meta":{"_acf_changed":false,"footnotes":""},"class_list":["post-74","page","type-page","status-publish","hentry","entry"],"acf":[],"_links":{"self":[{"href":"https:\/\/schleupen-geschaeftsbericht.de\/2024\/wp-json\/wp\/v2\/pages\/74","targetHints":{"allow":["GET"]}}],"collection":[{"href":"https:\/\/schleupen-geschaeftsbericht.de\/2024\/wp-json\/wp\/v2\/pages"}],"about":[{"href":"https:\/\/schleupen-geschaeftsbericht.de\/2024\/wp-json\/wp\/v2\/types\/page"}],"author":[{"embeddable":true,"href":"https:\/\/schleupen-geschaeftsbericht.de\/2024\/wp-json\/wp\/v2\/users\/1"}],"replies":[{"embeddable":true,"href":"https:\/\/schleupen-geschaeftsbericht.de\/2024\/wp-json\/wp\/v2\/comments?post=74"}],"version-history":[{"count":255,"href":"https:\/\/schleupen-geschaeftsbericht.de\/2024\/wp-json\/wp\/v2\/pages\/74\/revisions"}],"predecessor-version":[{"id":3210,"href":"https:\/\/schleupen-geschaeftsbericht.de\/2024\/wp-json\/wp\/v2\/pages\/74\/revisions\/3210"}],"wp:attachment":[{"href":"https:\/\/schleupen-geschaeftsbericht.de\/2024\/wp-json\/wp\/v2\/media?parent=74"}],"curies":[{"name":"wp","href":"https:\/\/api.w.org\/{rel}","templated":true}]}}